{"id":53509,"date":"2025-11-26T15:54:08","date_gmt":"2025-11-26T14:54:08","guid":{"rendered":"https:\/\/www.hirtenberg-apotheke.at\/katalog\/produkt\/holle-bio-fruechteriegel-apfel-birne-1-stk\/"},"modified":"2025-11-26T15:54:37","modified_gmt":"2025-11-26T14:54:37","slug":"holle-bio-fruechteriegel-apfel-birne-1-stk","status":"publish","type":"product","link":"https:\/\/www.hirtenberg-apotheke.at\/katalog\/produkt\/holle-bio-fruechteriegel-apfel-birne-1-stk\/","title":{"rendered":"Holle BIO-Fr\u00fcchteriegel Apfel-Birne 1 Stk."},"content":{"rendered":"<p>Holle BIO-Fr\u00fcchteriegel Apfel-Birne eignet sich als Zwischenmahlzeit und ist durch seine handliche Gr\u00f6\u00dfe selbst f\u00fcr kleine H\u00e4nchen gut zu halten. Dinkel-Vollkornoblatten verhindern klebende Finger.<\/p>\n","protected":false},"excerpt":{"rendered":"<p>Holle BIO-Fr\u00fcchteriegel Apfel-Birne eignet sich als Zwischenmahlzeit und ist durch seine handliche Gr\u00f6\u00dfe selbst f\u00fcr kleine H\u00e4nchen gut zu halten. Dinkel-Vollkornoblatten verhindern klebende Finger.<\/p>\n","protected":false},"featured_media":0,"template":"","meta":{"_acf_changed":false},"product_brand":[],"product_cat":[330],"product_tag":[],"class_list":{"0":"post-53509","1":"product","2":"type-product","3":"status-publish","5":"product_cat-h","6":"pa_packungsgroesse-1-stueck","8":"first","9":"instock","10":"shipping-taxable","11":"purchasable","12":"product-type-simple"},"acf":[],"_links":{"self":[{"href":"https:\/\/www.hirtenberg-apotheke.at\/katalog\/wp-json\/wp\/v2\/product\/53509","targetHints":{"allow":["GET"]}}],"collection":[{"href":"https:\/\/www.hirtenberg-apotheke.at\/katalog\/wp-json\/wp\/v2\/product"}],"about":[{"href":"https:\/\/www.hirtenberg-apotheke.at\/katalog\/wp-json\/wp\/v2\/types\/product"}],"wp:attachment":[{"href":"https:\/\/www.hirtenberg-apotheke.at\/katalog\/wp-json\/wp\/v2\/media?parent=53509"}],"wp:term":[{"taxonomy":"product_brand","embeddable":true,"href":"https:\/\/www.hirtenberg-apotheke.at\/katalog\/wp-json\/wp\/v2\/product_brand?post=53509"},{"taxonomy":"product_cat","embeddable":true,"href":"https:\/\/www.hirtenberg-apotheke.at\/katalog\/wp-json\/wp\/v2\/product_cat?post=53509"},{"taxonomy":"product_tag","embeddable":true,"href":"https:\/\/www.hirtenberg-apotheke.at\/katalog\/wp-json\/wp\/v2\/product_tag?post=53509"}],"curies":[{"name":"wp","href":"https:\/\/api.w.org\/{rel}","templated":true}]}}