{"id":53518,"date":"2025-11-26T15:54:43","date_gmt":"2025-11-26T14:54:43","guid":{"rendered":"https:\/\/www.hirtenberg-apotheke.at\/katalog\/produkt\/arganoel-arganpur-bio-speiseoel-250-ml\/"},"modified":"2025-11-26T15:54:46","modified_gmt":"2025-11-26T14:54:46","slug":"arganoel-arganpur-bio-speiseoel-250-ml","status":"publish","type":"product","link":"https:\/\/www.hirtenberg-apotheke.at\/katalog\/produkt\/arganoel-arganpur-bio-speiseoel-250-ml\/","title":{"rendered":"Argan\u00f6l Arganpur Bio Speise\u00f6l 250 ml"},"content":{"rendered":"<p>Argan\u00f6l Arganpur Bio Speise\u00f6l wird aus ger\u00f6steten Arganbaumkernen gewonnen. Geschmack pur! &#8211; Der fein nussige Geschmack gibt jeder Speise eine besondere Note. Machen Sie es wie die Spitzenk\u00f6che &#8211; verfeinern Sie mit diesem wertvollen Bio-\u00d6l Suppen, Hauptgerichte, Saucen und Salate.<\/p>\n","protected":false},"excerpt":{"rendered":"<p>Argan\u00f6l Arganpur Bio Speise\u00f6l wird aus ger\u00f6steten Arganbaumkernen gewonnen. Geschmack pur! &#8211; Der fein nussige Geschmack gibt jeder Speise eine besondere Note. Machen Sie es wie die Spitzenk\u00f6che &#8211; verfeinern Sie mit diesem wertvollen Bio-\u00d6l Suppen, Hauptgerichte, Saucen und Salate.<\/p>\n","protected":false},"featured_media":53520,"template":"","meta":{"_acf_changed":false},"product_brand":[],"product_cat":[299],"product_tag":[],"class_list":{"0":"post-53518","1":"product","2":"type-product","3":"status-publish","4":"has-post-thumbnail","6":"product_cat-a","7":"pa_packungsgroesse-250ml","9":"first","10":"instock","11":"shipping-taxable","12":"purchasable","13":"product-type-simple"},"acf":[],"_links":{"self":[{"href":"https:\/\/www.hirtenberg-apotheke.at\/katalog\/wp-json\/wp\/v2\/product\/53518","targetHints":{"allow":["GET"]}}],"collection":[{"href":"https:\/\/www.hirtenberg-apotheke.at\/katalog\/wp-json\/wp\/v2\/product"}],"about":[{"href":"https:\/\/www.hirtenberg-apotheke.at\/katalog\/wp-json\/wp\/v2\/types\/product"}],"wp:featuredmedia":[{"embeddable":true,"href":"https:\/\/www.hirtenberg-apotheke.at\/katalog\/wp-json\/wp\/v2\/media\/53520"}],"wp:attachment":[{"href":"https:\/\/www.hirtenberg-apotheke.at\/katalog\/wp-json\/wp\/v2\/media?parent=53518"}],"wp:term":[{"taxonomy":"product_brand","embeddable":true,"href":"https:\/\/www.hirtenberg-apotheke.at\/katalog\/wp-json\/wp\/v2\/product_brand?post=53518"},{"taxonomy":"product_cat","embeddable":true,"href":"https:\/\/www.hirtenberg-apotheke.at\/katalog\/wp-json\/wp\/v2\/product_cat?post=53518"},{"taxonomy":"product_tag","embeddable":true,"href":"https:\/\/www.hirtenberg-apotheke.at\/katalog\/wp-json\/wp\/v2\/product_tag?post=53518"}],"curies":[{"name":"wp","href":"https:\/\/api.w.org\/{rel}","templated":true}]}}