{"id":53521,"date":"2025-11-26T15:54:43","date_gmt":"2025-11-26T14:54:43","guid":{"rendered":"https:\/\/www.hirtenberg-apotheke.at\/katalog\/produkt\/teufelskralle-gel\/"},"modified":"2025-11-26T15:54:48","modified_gmt":"2025-11-26T14:54:48","slug":"teufelskralle-gel","status":"publish","type":"product","link":"https:\/\/www.hirtenberg-apotheke.at\/katalog\/produkt\/teufelskralle-gel\/","title":{"rendered":"Teufelskralle-Gel"},"content":{"rendered":"<p>Teufelskralle Gel ist eine ausgew\u00e4hlte Mischung aus reinen \u00e4therischen \u00d6len und Teufelskrallen-Extrakt. Das Gel eignet sich besonders gur zur Pflege des Gelenkapparates und zur F\u00f6rderung eines angenehmen K\u00f6rpergef\u00fchls.<\/p>\n","protected":false},"excerpt":{"rendered":"<p>Teufelskralle Gel ist eine ausgew\u00e4hlte Mischung aus reinen \u00e4therischen \u00d6len und Teufelskrallen-Extrakt. Das Gel eignet sich besonders gur zur Pflege des Gelenkapparates und zur F\u00f6rderung eines angenehmen K\u00f6rpergef\u00fchls.<\/p>\n","protected":false},"featured_media":53523,"template":"","meta":{"_acf_changed":false},"product_brand":[1250],"product_cat":[319],"product_tag":[],"class_list":{"0":"post-53521","1":"product","2":"type-product","3":"status-publish","4":"has-post-thumbnail","6":"product_brand-huetter","7":"product_cat-t","8":"pa_packungsgroesse-125ml","10":"first","11":"instock","12":"shipping-taxable","13":"purchasable","14":"product-type-simple"},"acf":[],"_links":{"self":[{"href":"https:\/\/www.hirtenberg-apotheke.at\/katalog\/wp-json\/wp\/v2\/product\/53521","targetHints":{"allow":["GET"]}}],"collection":[{"href":"https:\/\/www.hirtenberg-apotheke.at\/katalog\/wp-json\/wp\/v2\/product"}],"about":[{"href":"https:\/\/www.hirtenberg-apotheke.at\/katalog\/wp-json\/wp\/v2\/types\/product"}],"wp:featuredmedia":[{"embeddable":true,"href":"https:\/\/www.hirtenberg-apotheke.at\/katalog\/wp-json\/wp\/v2\/media\/53523"}],"wp:attachment":[{"href":"https:\/\/www.hirtenberg-apotheke.at\/katalog\/wp-json\/wp\/v2\/media?parent=53521"}],"wp:term":[{"taxonomy":"product_brand","embeddable":true,"href":"https:\/\/www.hirtenberg-apotheke.at\/katalog\/wp-json\/wp\/v2\/product_brand?post=53521"},{"taxonomy":"product_cat","embeddable":true,"href":"https:\/\/www.hirtenberg-apotheke.at\/katalog\/wp-json\/wp\/v2\/product_cat?post=53521"},{"taxonomy":"product_tag","embeddable":true,"href":"https:\/\/www.hirtenberg-apotheke.at\/katalog\/wp-json\/wp\/v2\/product_tag?post=53521"}],"curies":[{"name":"wp","href":"https:\/\/api.w.org\/{rel}","templated":true}]}}