{"id":53574,"date":"2025-11-26T15:55:37","date_gmt":"2025-11-26T14:55:37","guid":{"rendered":"https:\/\/www.hirtenberg-apotheke.at\/katalog\/produkt\/coco-lipcare-pflegestift-1-stk\/"},"modified":"2025-11-26T15:55:51","modified_gmt":"2025-11-26T14:55:51","slug":"coco-lipcare-pflegestift-1-stk","status":"publish","type":"product","link":"https:\/\/www.hirtenberg-apotheke.at\/katalog\/produkt\/coco-lipcare-pflegestift-1-stk\/","title":{"rendered":"Coco Lipcare Pflegestift 1 Stk."},"content":{"rendered":"<p>Coco Lipcare Pflegestift besteht zu 100% aus nat\u00fcrlichem, extra virginem, kalt gepresstem Kokos\u00f6l. Dieses verleiht Coco Lipcare seine Einzigartigkeit. Die wertvollen Fetts\u00e4uren des Kokos\u00f6ls bewahren den nat\u00fcrlichen Feuchtigkeitsgehalt der Lippen, pflegen und versorgen sie mit wichtigen N\u00e4hrstoffen, wodurch sie geschmeidig und weich werden.<\/p>\n","protected":false},"excerpt":{"rendered":"<p>Coco Lipcare Pflegestift besteht zu 100% aus nat\u00fcrlichem, extra virginem, kalt gepresstem Kokos\u00f6l. Dieses verleiht Coco Lipcare seine Einzigartigkeit. Die wertvollen Fetts\u00e4uren des Kokos\u00f6ls bewahren den nat\u00fcrlichen Feuchtigkeitsgehalt der Lippen, pflegen und versorgen sie mit wichtigen N\u00e4hrstoffen, wodurch sie geschmeidig und weich werden.<\/p>\n","protected":false},"featured_media":53576,"template":"","meta":{"_acf_changed":false},"product_brand":[],"product_cat":[337],"product_tag":[],"class_list":{"0":"post-53574","1":"product","2":"type-product","3":"status-publish","4":"has-post-thumbnail","6":"product_cat-c","7":"pa_packungsgroesse-1-stueck","9":"first","10":"instock","11":"shipping-taxable","12":"purchasable","13":"product-type-simple"},"acf":[],"_links":{"self":[{"href":"https:\/\/www.hirtenberg-apotheke.at\/katalog\/wp-json\/wp\/v2\/product\/53574","targetHints":{"allow":["GET"]}}],"collection":[{"href":"https:\/\/www.hirtenberg-apotheke.at\/katalog\/wp-json\/wp\/v2\/product"}],"about":[{"href":"https:\/\/www.hirtenberg-apotheke.at\/katalog\/wp-json\/wp\/v2\/types\/product"}],"wp:featuredmedia":[{"embeddable":true,"href":"https:\/\/www.hirtenberg-apotheke.at\/katalog\/wp-json\/wp\/v2\/media\/53576"}],"wp:attachment":[{"href":"https:\/\/www.hirtenberg-apotheke.at\/katalog\/wp-json\/wp\/v2\/media?parent=53574"}],"wp:term":[{"taxonomy":"product_brand","embeddable":true,"href":"https:\/\/www.hirtenberg-apotheke.at\/katalog\/wp-json\/wp\/v2\/product_brand?post=53574"},{"taxonomy":"product_cat","embeddable":true,"href":"https:\/\/www.hirtenberg-apotheke.at\/katalog\/wp-json\/wp\/v2\/product_cat?post=53574"},{"taxonomy":"product_tag","embeddable":true,"href":"https:\/\/www.hirtenberg-apotheke.at\/katalog\/wp-json\/wp\/v2\/product_tag?post=53574"}],"curies":[{"name":"wp","href":"https:\/\/api.w.org\/{rel}","templated":true}]}}