{"id":53623,"date":"2025-11-26T15:56:20","date_gmt":"2025-11-26T14:56:20","guid":{"rendered":"https:\/\/www.hirtenberg-apotheke.at\/katalog\/produkt\/mvo-aknoderm-kapseln-30-stk\/"},"modified":"2025-11-26T15:56:40","modified_gmt":"2025-11-26T14:56:40","slug":"mvo-aknoderm-kapseln-30-stk","status":"publish","type":"product","link":"https:\/\/www.hirtenberg-apotheke.at\/katalog\/produkt\/mvo-aknoderm-kapseln-30-stk\/","title":{"rendered":"MvO Aknoderm Kapseln 30 Stk."},"content":{"rendered":"<p>MvO Aknoderm Kapseln sind ein Nahrungserg\u00e4nzungsmittel bei Akne sowie trockener und strapazierter Haut. Die Kapseln bestehen aus einer idealen Kombination aus Vitaminen, Spurenelementen und Omega-3-Fisch\u00f6l, welche f\u00fcr eine strahlende und gesunde Haut verantwortlich sind. Sie f\u00f6rdern den Stoffwechsel der Haut, versorgen diese optimal mit den Mikron\u00e4hrstoffen, die sie ben\u00f6tigt und verleihen ihr die notwendige Elastizit\u00e4t.<\/p>\n","protected":false},"excerpt":{"rendered":"<p>MvO Aknoderm Kapseln sind ein Nahrungserg\u00e4nzungsmittel bei Akne sowie trockener und strapazierter Haut. Die Kapseln bestehen aus einer idealen Kombination aus Vitaminen, Spurenelementen und Omega-3-Fisch\u00f6l, welche f\u00fcr eine strahlende und gesunde Haut verantwortlich sind. Sie f\u00f6rdern den Stoffwechsel der Haut, versorgen diese optimal mit den Mikron\u00e4hrstoffen, die sie ben\u00f6tigt und verleihen ihr die notwendige Elastizit\u00e4t.<\/p>\n","protected":false},"featured_media":53625,"template":"","meta":{"_acf_changed":false},"product_brand":[],"product_cat":[308],"product_tag":[],"class_list":{"0":"post-53623","1":"product","2":"type-product","3":"status-publish","4":"has-post-thumbnail","6":"product_cat-m","7":"pa_packungsgroesse-30-stueck","9":"first","10":"instock","11":"shipping-taxable","12":"purchasable","13":"product-type-simple"},"acf":[],"_links":{"self":[{"href":"https:\/\/www.hirtenberg-apotheke.at\/katalog\/wp-json\/wp\/v2\/product\/53623","targetHints":{"allow":["GET"]}}],"collection":[{"href":"https:\/\/www.hirtenberg-apotheke.at\/katalog\/wp-json\/wp\/v2\/product"}],"about":[{"href":"https:\/\/www.hirtenberg-apotheke.at\/katalog\/wp-json\/wp\/v2\/types\/product"}],"wp:featuredmedia":[{"embeddable":true,"href":"https:\/\/www.hirtenberg-apotheke.at\/katalog\/wp-json\/wp\/v2\/media\/53625"}],"wp:attachment":[{"href":"https:\/\/www.hirtenberg-apotheke.at\/katalog\/wp-json\/wp\/v2\/media?parent=53623"}],"wp:term":[{"taxonomy":"product_brand","embeddable":true,"href":"https:\/\/www.hirtenberg-apotheke.at\/katalog\/wp-json\/wp\/v2\/product_brand?post=53623"},{"taxonomy":"product_cat","embeddable":true,"href":"https:\/\/www.hirtenberg-apotheke.at\/katalog\/wp-json\/wp\/v2\/product_cat?post=53623"},{"taxonomy":"product_tag","embeddable":true,"href":"https:\/\/www.hirtenberg-apotheke.at\/katalog\/wp-json\/wp\/v2\/product_tag?post=53623"}],"curies":[{"name":"wp","href":"https:\/\/api.w.org\/{rel}","templated":true}]}}