{"id":53649,"date":"2025-11-26T15:56:44","date_gmt":"2025-11-26T14:56:44","guid":{"rendered":"https:\/\/www.hirtenberg-apotheke.at\/katalog\/produkt\/vitamin-b2-kapseln-2\/"},"modified":"2025-11-26T15:57:00","modified_gmt":"2025-11-26T14:57:00","slug":"vitamin-b2-kapseln-2","status":"publish","type":"product","link":"https:\/\/www.hirtenberg-apotheke.at\/katalog\/produkt\/vitamin-b2-kapseln-2\/","title":{"rendered":"Vitamin B2 Kapseln"},"content":{"rendered":"<p>Gall Pharma Vitamin B 2 Kapseln 30 Stk. enthalten 1,6 mg Riboflavin-5-phosphat in einer Hartgelatinekapsel. Vitamin B2 ist mitunter f\u00fcr die Steuerung der Atmung verantwortlich. Gleichzeitig \u00fcbernimmt es Funktionen im Energiestoffwechsel, insbesondere im Fett-, Kohlenhydrat- und Eiwei\u00dfstoffwechsel. Ein Mangel kann sich unter anderem auf den Eiwei\u00dfaufbau auswirken.<\/p>\n","protected":false},"excerpt":{"rendered":"<p>Gall Pharma Vitamin B 2 Kapseln 30 Stk. enthalten 1,6 mg Riboflavin-5-phosphat in einer Hartgelatinekapsel. Vitamin B2 ist mitunter f\u00fcr die Steuerung der Atmung verantwortlich. Gleichzeitig \u00fcbernimmt es Funktionen im Energiestoffwechsel, insbesondere im Fett-, Kohlenhydrat- und Eiwei\u00dfstoffwechsel. Ein Mangel kann sich unter anderem auf den Eiwei\u00dfaufbau auswirken.<\/p>\n","protected":false},"featured_media":0,"template":"","meta":{"_acf_changed":false},"product_brand":[316],"product_cat":[300],"product_tag":[],"class_list":{"0":"post-53649","1":"product","2":"type-product","3":"status-publish","5":"product_brand-gall-pharma","6":"product_cat-v","7":"pa_packungsgroesse-30-stueck","9":"first","10":"instock","11":"shipping-taxable","12":"purchasable","13":"product-type-simple"},"acf":[],"_links":{"self":[{"href":"https:\/\/www.hirtenberg-apotheke.at\/katalog\/wp-json\/wp\/v2\/product\/53649","targetHints":{"allow":["GET"]}}],"collection":[{"href":"https:\/\/www.hirtenberg-apotheke.at\/katalog\/wp-json\/wp\/v2\/product"}],"about":[{"href":"https:\/\/www.hirtenberg-apotheke.at\/katalog\/wp-json\/wp\/v2\/types\/product"}],"wp:attachment":[{"href":"https:\/\/www.hirtenberg-apotheke.at\/katalog\/wp-json\/wp\/v2\/media?parent=53649"}],"wp:term":[{"taxonomy":"product_brand","embeddable":true,"href":"https:\/\/www.hirtenberg-apotheke.at\/katalog\/wp-json\/wp\/v2\/product_brand?post=53649"},{"taxonomy":"product_cat","embeddable":true,"href":"https:\/\/www.hirtenberg-apotheke.at\/katalog\/wp-json\/wp\/v2\/product_cat?post=53649"},{"taxonomy":"product_tag","embeddable":true,"href":"https:\/\/www.hirtenberg-apotheke.at\/katalog\/wp-json\/wp\/v2\/product_tag?post=53649"}],"curies":[{"name":"wp","href":"https:\/\/api.w.org\/{rel}","templated":true}]}}