{"id":53657,"date":"2025-11-26T15:57:03","date_gmt":"2025-11-26T14:57:03","guid":{"rendered":"https:\/\/www.hirtenberg-apotheke.at\/katalog\/produkt\/berberitzentropfen-50-ml\/"},"modified":"2025-11-26T15:57:22","modified_gmt":"2025-11-26T14:57:22","slug":"berberitzentropfen-50-ml","status":"publish","type":"product","link":"https:\/\/www.hirtenberg-apotheke.at\/katalog\/produkt\/berberitzentropfen-50-ml\/","title":{"rendered":"Berberitzentropfen 50 ml"},"content":{"rendered":"<p>Berberitzentropfen enthalten einen w\u00e4ssrig-alkoholischen Auszug aus Berberitzenrinde. In der Medizin nutzt man die Fr\u00fcchte, die Bl\u00e4tter oder die Wurzel der Pflanze. Die Wurzelrinde st\u00e4rkt Galle und andere Verdauungsorgane, ist harntreibend und wirkt Verstopfungen entgegen. Aber auch bei Bluthochdruck, Beruhigung der Pulsfrequenz und Blutgef\u00e4\u00dferweiterung ist ein positiver Effekt der Wurzelrinde bekannt  jetzt versandkostenfrei* bestellen!<\/p>\n","protected":false},"excerpt":{"rendered":"<p>Berberitzentropfen enthalten einen w\u00e4ssrig-alkoholischen Auszug aus Berberitzenrinde. In der Medizin nutzt man die Fr\u00fcchte, die Bl\u00e4tter oder die Wurzel der Pflanze. Die Wurzelrinde st\u00e4rkt Galle und andere Verdauungsorgane, ist harntreibend und wirkt Verstopfungen entgegen. Aber auch bei Bluthochdruck, Beruhigung der Pulsfrequenz und Blutgef\u00e4\u00dferweiterung ist ein positiver Effekt der Wurzelrinde bekannt jetzt versandkostenfrei* bestellen!<\/p>\n","protected":false},"featured_media":53659,"template":"","meta":{"_acf_changed":false},"product_brand":[],"product_cat":[292],"product_tag":[],"class_list":{"0":"post-53657","1":"product","2":"type-product","3":"status-publish","4":"has-post-thumbnail","6":"product_cat-b","7":"pa_packungsgroesse-50ml","9":"first","10":"instock","11":"shipping-taxable","12":"purchasable","13":"product-type-simple"},"acf":[],"_links":{"self":[{"href":"https:\/\/www.hirtenberg-apotheke.at\/katalog\/wp-json\/wp\/v2\/product\/53657","targetHints":{"allow":["GET"]}}],"collection":[{"href":"https:\/\/www.hirtenberg-apotheke.at\/katalog\/wp-json\/wp\/v2\/product"}],"about":[{"href":"https:\/\/www.hirtenberg-apotheke.at\/katalog\/wp-json\/wp\/v2\/types\/product"}],"wp:featuredmedia":[{"embeddable":true,"href":"https:\/\/www.hirtenberg-apotheke.at\/katalog\/wp-json\/wp\/v2\/media\/53659"}],"wp:attachment":[{"href":"https:\/\/www.hirtenberg-apotheke.at\/katalog\/wp-json\/wp\/v2\/media?parent=53657"}],"wp:term":[{"taxonomy":"product_brand","embeddable":true,"href":"https:\/\/www.hirtenberg-apotheke.at\/katalog\/wp-json\/wp\/v2\/product_brand?post=53657"},{"taxonomy":"product_cat","embeddable":true,"href":"https:\/\/www.hirtenberg-apotheke.at\/katalog\/wp-json\/wp\/v2\/product_cat?post=53657"},{"taxonomy":"product_tag","embeddable":true,"href":"https:\/\/www.hirtenberg-apotheke.at\/katalog\/wp-json\/wp\/v2\/product_tag?post=53657"}],"curies":[{"name":"wp","href":"https:\/\/api.w.org\/{rel}","templated":true}]}}