{"id":53685,"date":"2025-11-26T15:57:03","date_gmt":"2025-11-26T14:57:03","guid":{"rendered":"https:\/\/www.hirtenberg-apotheke.at\/katalog\/produkt\/bstaendig-urinbeutel-unsteril-15l-10-stk\/"},"modified":"2025-11-26T15:57:46","modified_gmt":"2025-11-26T14:57:46","slug":"bstaendig-urinbeutel-unsteril-15l-10-stk","status":"publish","type":"product","link":"https:\/\/www.hirtenberg-apotheke.at\/katalog\/produkt\/bstaendig-urinbeutel-unsteril-15l-10-stk\/","title":{"rendered":"Bst\u00e4ndig Urinbeutel unsteril 1,5L 10 Stk."},"content":{"rendered":"<p>Bst\u00e4ndig Urinbeutel unsteril wird den unterschiedlichsten Anspr\u00fcchen gerecht. Der Urinbeutel kann am Ober- oder Unterschenkel getragen werden und wird mit speziellen Halterungen sicher am Bein fixiert.<\/p>\n","protected":false},"excerpt":{"rendered":"<p>Bst\u00e4ndig Urinbeutel unsteril wird den unterschiedlichsten Anspr\u00fcchen gerecht. Der Urinbeutel kann am Ober- oder Unterschenkel getragen werden und wird mit speziellen Halterungen sicher am Bein fixiert.<\/p>\n","protected":false},"featured_media":53687,"template":"","meta":{"_acf_changed":false},"product_brand":[],"product_cat":[292],"product_tag":[],"class_list":{"0":"post-53685","1":"product","2":"type-product","3":"status-publish","4":"has-post-thumbnail","6":"product_cat-b","7":"pa_packungsgroesse-10-beutel","9":"first","10":"instock","11":"shipping-taxable","12":"purchasable","13":"product-type-simple"},"acf":[],"_links":{"self":[{"href":"https:\/\/www.hirtenberg-apotheke.at\/katalog\/wp-json\/wp\/v2\/product\/53685","targetHints":{"allow":["GET"]}}],"collection":[{"href":"https:\/\/www.hirtenberg-apotheke.at\/katalog\/wp-json\/wp\/v2\/product"}],"about":[{"href":"https:\/\/www.hirtenberg-apotheke.at\/katalog\/wp-json\/wp\/v2\/types\/product"}],"wp:featuredmedia":[{"embeddable":true,"href":"https:\/\/www.hirtenberg-apotheke.at\/katalog\/wp-json\/wp\/v2\/media\/53687"}],"wp:attachment":[{"href":"https:\/\/www.hirtenberg-apotheke.at\/katalog\/wp-json\/wp\/v2\/media?parent=53685"}],"wp:term":[{"taxonomy":"product_brand","embeddable":true,"href":"https:\/\/www.hirtenberg-apotheke.at\/katalog\/wp-json\/wp\/v2\/product_brand?post=53685"},{"taxonomy":"product_cat","embeddable":true,"href":"https:\/\/www.hirtenberg-apotheke.at\/katalog\/wp-json\/wp\/v2\/product_cat?post=53685"},{"taxonomy":"product_tag","embeddable":true,"href":"https:\/\/www.hirtenberg-apotheke.at\/katalog\/wp-json\/wp\/v2\/product_tag?post=53685"}],"curies":[{"name":"wp","href":"https:\/\/api.w.org\/{rel}","templated":true}]}}