{"id":53721,"date":"2025-11-26T15:57:50","date_gmt":"2025-11-26T14:57:50","guid":{"rendered":"https:\/\/www.hirtenberg-apotheke.at\/katalog\/produkt\/insulininjektion-humapen-savvio-blau-1-stk\/"},"modified":"2025-11-26T15:58:30","modified_gmt":"2025-11-26T14:58:30","slug":"insulininjektion-humapen-savvio-blau-1-stk","status":"publish","type":"product","link":"https:\/\/www.hirtenberg-apotheke.at\/katalog\/produkt\/insulininjektion-humapen-savvio-blau-1-stk\/","title":{"rendered":"Insulininjektion Humapen Savvio blau 1 Stk."},"content":{"rendered":"<p>Insulininjektion Humapen Savvio liegt gut in der Hand und verf\u00fcgt \u00fcber einen leichtg\u00e4ngigen Injektionsknopf, welcher die Injektion vereinfacht. Au\u00dferdem \u00fcberzeugt dieses Produkt durch die gut lesbare Dosierungsanzeige.<\/p>\n","protected":false},"excerpt":{"rendered":"<p>Insulininjektion Humapen Savvio liegt gut in der Hand und verf\u00fcgt \u00fcber einen leichtg\u00e4ngigen Injektionsknopf, welcher die Injektion vereinfacht. Au\u00dferdem \u00fcberzeugt dieses Produkt durch die gut lesbare Dosierungsanzeige.<\/p>\n","protected":false},"featured_media":0,"template":"","meta":{"_acf_changed":false},"product_brand":[],"product_cat":[370],"product_tag":[],"class_list":{"0":"post-53721","1":"product","2":"type-product","3":"status-publish","5":"product_cat-i","6":"pa_packungsgroesse-1-stueck","8":"first","9":"instock","10":"shipping-taxable","11":"purchasable","12":"product-type-simple"},"acf":[],"_links":{"self":[{"href":"https:\/\/www.hirtenberg-apotheke.at\/katalog\/wp-json\/wp\/v2\/product\/53721","targetHints":{"allow":["GET"]}}],"collection":[{"href":"https:\/\/www.hirtenberg-apotheke.at\/katalog\/wp-json\/wp\/v2\/product"}],"about":[{"href":"https:\/\/www.hirtenberg-apotheke.at\/katalog\/wp-json\/wp\/v2\/types\/product"}],"wp:attachment":[{"href":"https:\/\/www.hirtenberg-apotheke.at\/katalog\/wp-json\/wp\/v2\/media?parent=53721"}],"wp:term":[{"taxonomy":"product_brand","embeddable":true,"href":"https:\/\/www.hirtenberg-apotheke.at\/katalog\/wp-json\/wp\/v2\/product_brand?post=53721"},{"taxonomy":"product_cat","embeddable":true,"href":"https:\/\/www.hirtenberg-apotheke.at\/katalog\/wp-json\/wp\/v2\/product_cat?post=53721"},{"taxonomy":"product_tag","embeddable":true,"href":"https:\/\/www.hirtenberg-apotheke.at\/katalog\/wp-json\/wp\/v2\/product_tag?post=53721"}],"curies":[{"name":"wp","href":"https:\/\/api.w.org\/{rel}","templated":true}]}}