{"id":53754,"date":"2025-11-26T15:58:30","date_gmt":"2025-11-26T14:58:30","guid":{"rendered":"https:\/\/www.hirtenberg-apotheke.at\/katalog\/produkt\/biotin-25mg-kapseln\/"},"modified":"2025-11-26T15:59:23","modified_gmt":"2025-11-26T14:59:23","slug":"biotin-25mg-kapseln","status":"publish","type":"product","link":"https:\/\/www.hirtenberg-apotheke.at\/katalog\/produkt\/biotin-25mg-kapseln\/","title":{"rendered":"Biotin 2,5mg Kapseln"},"content":{"rendered":"<p>Gall Pharma Biotin 2 60 Stk. enthalten 2,5 mg Biotin in einer Hartgelatinekapsel. Biotin ist an der Gesunderhaltung von Haut, Haare und N\u00e4gel beteiligt, es vermehrt die Einlagerung schwefelhaltiger Aminos\u00e4uren in die Haarwurzelzellen. Dadurch erh\u00f6ht sich der Anteil der Keratin-Matrix-Proteine.<\/p>\n","protected":false},"excerpt":{"rendered":"<p>Gall Pharma Biotin 2 60 Stk. enthalten 2,5 mg Biotin in einer Hartgelatinekapsel. Biotin ist an der Gesunderhaltung von Haut, Haare und N\u00e4gel beteiligt, es vermehrt die Einlagerung schwefelhaltiger Aminos\u00e4uren in die Haarwurzelzellen. Dadurch erh\u00f6ht sich der Anteil der Keratin-Matrix-Proteine.<\/p>\n","protected":false},"featured_media":0,"template":"","meta":{"_acf_changed":false},"product_brand":[316],"product_cat":[292],"product_tag":[],"class_list":{"0":"post-53754","1":"product","2":"type-product","3":"status-publish","5":"product_brand-gall-pharma","6":"product_cat-b","7":"pa_packungsgroesse-60-stueck","9":"first","10":"instock","11":"shipping-taxable","12":"purchasable","13":"product-type-simple"},"acf":[],"_links":{"self":[{"href":"https:\/\/www.hirtenberg-apotheke.at\/katalog\/wp-json\/wp\/v2\/product\/53754","targetHints":{"allow":["GET"]}}],"collection":[{"href":"https:\/\/www.hirtenberg-apotheke.at\/katalog\/wp-json\/wp\/v2\/product"}],"about":[{"href":"https:\/\/www.hirtenberg-apotheke.at\/katalog\/wp-json\/wp\/v2\/types\/product"}],"wp:attachment":[{"href":"https:\/\/www.hirtenberg-apotheke.at\/katalog\/wp-json\/wp\/v2\/media?parent=53754"}],"wp:term":[{"taxonomy":"product_brand","embeddable":true,"href":"https:\/\/www.hirtenberg-apotheke.at\/katalog\/wp-json\/wp\/v2\/product_brand?post=53754"},{"taxonomy":"product_cat","embeddable":true,"href":"https:\/\/www.hirtenberg-apotheke.at\/katalog\/wp-json\/wp\/v2\/product_cat?post=53754"},{"taxonomy":"product_tag","embeddable":true,"href":"https:\/\/www.hirtenberg-apotheke.at\/katalog\/wp-json\/wp\/v2\/product_tag?post=53754"}],"curies":[{"name":"wp","href":"https:\/\/api.w.org\/{rel}","templated":true}]}}