{"id":53788,"date":"2025-11-26T15:59:48","date_gmt":"2025-11-26T14:59:48","guid":{"rendered":"https:\/\/www.hirtenberg-apotheke.at\/katalog\/produkt\/vitaking-vitamin-ad-weichkapseln-60-stk-1000ie\/"},"modified":"2025-11-26T16:00:02","modified_gmt":"2025-11-26T15:00:02","slug":"vitaking-vitamin-ad-weichkapseln-60-stk-1000ie","status":"publish","type":"product","link":"https:\/\/www.hirtenberg-apotheke.at\/katalog\/produkt\/vitaking-vitamin-ad-weichkapseln-60-stk-1000ie\/","title":{"rendered":"Vitaking Vitamin A+D Weichkapseln 60 Stk. 1000IE"},"content":{"rendered":"<p>Vitaking Gmbh bietet f\u00fcr jede Altersklasse und f\u00fcr beide Geschlechter jeweils die genau richtige Zusammensetzung von Vitaminen und N\u00e4hrstoffen<\/p>\n","protected":false},"excerpt":{"rendered":"<p>Vitaking Gmbh bietet f\u00fcr jede Altersklasse und f\u00fcr beide Geschlechter jeweils die genau richtige Zusammensetzung von Vitaminen und N\u00e4hrstoffen<\/p>\n","protected":false},"featured_media":0,"template":"","meta":{"_acf_changed":false},"product_brand":[],"product_cat":[300],"product_tag":[],"class_list":{"0":"post-53788","1":"product","2":"type-product","3":"status-publish","5":"product_cat-v","6":"pa_packungsgroesse-60-stueck","8":"first","9":"instock","10":"shipping-taxable","11":"purchasable","12":"product-type-simple"},"acf":[],"_links":{"self":[{"href":"https:\/\/www.hirtenberg-apotheke.at\/katalog\/wp-json\/wp\/v2\/product\/53788","targetHints":{"allow":["GET"]}}],"collection":[{"href":"https:\/\/www.hirtenberg-apotheke.at\/katalog\/wp-json\/wp\/v2\/product"}],"about":[{"href":"https:\/\/www.hirtenberg-apotheke.at\/katalog\/wp-json\/wp\/v2\/types\/product"}],"wp:attachment":[{"href":"https:\/\/www.hirtenberg-apotheke.at\/katalog\/wp-json\/wp\/v2\/media?parent=53788"}],"wp:term":[{"taxonomy":"product_brand","embeddable":true,"href":"https:\/\/www.hirtenberg-apotheke.at\/katalog\/wp-json\/wp\/v2\/product_brand?post=53788"},{"taxonomy":"product_cat","embeddable":true,"href":"https:\/\/www.hirtenberg-apotheke.at\/katalog\/wp-json\/wp\/v2\/product_cat?post=53788"},{"taxonomy":"product_tag","embeddable":true,"href":"https:\/\/www.hirtenberg-apotheke.at\/katalog\/wp-json\/wp\/v2\/product_tag?post=53788"}],"curies":[{"name":"wp","href":"https:\/\/api.w.org\/{rel}","templated":true}]}}