{"id":53882,"date":"2025-11-26T16:01:30","date_gmt":"2025-11-26T15:01:30","guid":{"rendered":"https:\/\/www.hirtenberg-apotheke.at\/katalog\/produkt\/gall-pharma-guarkernmehl-pulver-100-g\/"},"modified":"2025-11-26T16:02:16","modified_gmt":"2025-11-26T15:02:16","slug":"gall-pharma-guarkernmehl-pulver-100-g","status":"publish","type":"product","link":"https:\/\/www.hirtenberg-apotheke.at\/katalog\/produkt\/gall-pharma-guarkernmehl-pulver-100-g\/","title":{"rendered":"Gall Pharma Guarkernmehl Pulver 100 g"},"content":{"rendered":"<p>Guarkernmehl GPH Pulver enth\u00e4lt 100 g Guarkernmehl. Das pflanzliche Naturprodukt ist nahezu geruchs- und geschmacksneutral und eignet sich bei einer veganen Ern\u00e4hrung. Dieses Produkt ist in den Varianten 100 g und 500 g f\u00fcr Sie erh\u00e4ltlich.<\/p>\n","protected":false},"excerpt":{"rendered":"<p>Guarkernmehl GPH Pulver enth\u00e4lt 100 g Guarkernmehl. Das pflanzliche Naturprodukt ist nahezu geruchs- und geschmacksneutral und eignet sich bei einer veganen Ern\u00e4hrung. Dieses Produkt ist in den Varianten 100 g und 500 g f\u00fcr Sie erh\u00e4ltlich.<\/p>\n","protected":false},"featured_media":0,"template":"","meta":{"_acf_changed":false},"product_brand":[316],"product_cat":[328],"product_tag":[],"class_list":{"0":"post-53882","1":"product","2":"type-product","3":"status-publish","5":"product_brand-gall-pharma","6":"product_cat-g","7":"pa_packungsgroesse-100g","9":"first","10":"instock","11":"shipping-taxable","12":"purchasable","13":"product-type-simple"},"acf":[],"_links":{"self":[{"href":"https:\/\/www.hirtenberg-apotheke.at\/katalog\/wp-json\/wp\/v2\/product\/53882","targetHints":{"allow":["GET"]}}],"collection":[{"href":"https:\/\/www.hirtenberg-apotheke.at\/katalog\/wp-json\/wp\/v2\/product"}],"about":[{"href":"https:\/\/www.hirtenberg-apotheke.at\/katalog\/wp-json\/wp\/v2\/types\/product"}],"wp:attachment":[{"href":"https:\/\/www.hirtenberg-apotheke.at\/katalog\/wp-json\/wp\/v2\/media?parent=53882"}],"wp:term":[{"taxonomy":"product_brand","embeddable":true,"href":"https:\/\/www.hirtenberg-apotheke.at\/katalog\/wp-json\/wp\/v2\/product_brand?post=53882"},{"taxonomy":"product_cat","embeddable":true,"href":"https:\/\/www.hirtenberg-apotheke.at\/katalog\/wp-json\/wp\/v2\/product_cat?post=53882"},{"taxonomy":"product_tag","embeddable":true,"href":"https:\/\/www.hirtenberg-apotheke.at\/katalog\/wp-json\/wp\/v2\/product_tag?post=53882"}],"curies":[{"name":"wp","href":"https:\/\/api.w.org\/{rel}","templated":true}]}}