{"id":54017,"date":"2025-11-26T16:04:10","date_gmt":"2025-11-26T15:04:10","guid":{"rendered":"https:\/\/www.hirtenberg-apotheke.at\/katalog\/produkt\/laus-nissenk-staub-metall-1-stk\/"},"modified":"2025-11-26T16:04:57","modified_gmt":"2025-11-26T15:04:57","slug":"laus-nissenk-staub-metall-1-stk","status":"publish","type":"product","link":"https:\/\/www.hirtenberg-apotheke.at\/katalog\/produkt\/laus-nissenk-staub-metall-1-stk\/","title":{"rendered":"Laus-Nissenk. Staub Metall 1 Stk."},"content":{"rendered":"<p>Laus- und Nissenkamm bzw. Staub Metall entfernt Kopfl\u00e4use und Nissen sowie deren Eier problemlos. Die doppelte Zahnreihe erm\u00f6glicht gr\u00fcndliches Ausk\u00e4mmen. Die abgerundeten Z\u00e4hne verhindern das Aufkratzen bereits gereizter Kopfhaut.<\/p>\n","protected":false},"excerpt":{"rendered":"<p>Laus- und Nissenkamm bzw. Staub Metall entfernt Kopfl\u00e4use und Nissen sowie deren Eier problemlos. Die doppelte Zahnreihe erm\u00f6glicht gr\u00fcndliches Ausk\u00e4mmen. Die abgerundeten Z\u00e4hne verhindern das Aufkratzen bereits gereizter Kopfhaut.<\/p>\n","protected":false},"featured_media":54019,"template":"","meta":{"_acf_changed":false},"product_brand":[],"product_cat":[317],"product_tag":[],"class_list":{"0":"post-54017","1":"product","2":"type-product","3":"status-publish","4":"has-post-thumbnail","6":"product_cat-l","7":"pa_packungsgroesse-1-stueck","9":"first","10":"instock","11":"shipping-taxable","12":"purchasable","13":"product-type-simple"},"acf":[],"_links":{"self":[{"href":"https:\/\/www.hirtenberg-apotheke.at\/katalog\/wp-json\/wp\/v2\/product\/54017","targetHints":{"allow":["GET"]}}],"collection":[{"href":"https:\/\/www.hirtenberg-apotheke.at\/katalog\/wp-json\/wp\/v2\/product"}],"about":[{"href":"https:\/\/www.hirtenberg-apotheke.at\/katalog\/wp-json\/wp\/v2\/types\/product"}],"wp:featuredmedia":[{"embeddable":true,"href":"https:\/\/www.hirtenberg-apotheke.at\/katalog\/wp-json\/wp\/v2\/media\/54019"}],"wp:attachment":[{"href":"https:\/\/www.hirtenberg-apotheke.at\/katalog\/wp-json\/wp\/v2\/media?parent=54017"}],"wp:term":[{"taxonomy":"product_brand","embeddable":true,"href":"https:\/\/www.hirtenberg-apotheke.at\/katalog\/wp-json\/wp\/v2\/product_brand?post=54017"},{"taxonomy":"product_cat","embeddable":true,"href":"https:\/\/www.hirtenberg-apotheke.at\/katalog\/wp-json\/wp\/v2\/product_cat?post=54017"},{"taxonomy":"product_tag","embeddable":true,"href":"https:\/\/www.hirtenberg-apotheke.at\/katalog\/wp-json\/wp\/v2\/product_tag?post=54017"}],"curies":[{"name":"wp","href":"https:\/\/api.w.org\/{rel}","templated":true}]}}