{"id":54090,"date":"2025-11-26T16:06:04","date_gmt":"2025-11-26T15:06:04","guid":{"rendered":"https:\/\/www.hirtenberg-apotheke.at\/katalog\/produkt\/polymem-wic-cavity-10-stk-8-x-8-cm\/"},"modified":"2025-11-26T16:06:21","modified_gmt":"2025-11-26T15:06:21","slug":"polymem-wic-cavity-10-stk-8-x-8-cm","status":"publish","type":"product","link":"https:\/\/www.hirtenberg-apotheke.at\/katalog\/produkt\/polymem-wic-cavity-10-stk-8-x-8-cm\/","title":{"rendered":"PolyMem WIC Cavity 10 Stk. 8 x 8 cm"},"content":{"rendered":"<p>PolyMem WIC Cavity ist ein aus hydrophilem Polyurethan gefertigter Wundf\u00fcller. Die Matrix weist eine vorgestanzte Perforation auf. Dank dessen kann das Pad m\u00fchelos einzelne Wundf\u00fcllerstreifen unterteilt werden.<\/p>\n","protected":false},"excerpt":{"rendered":"<p>PolyMem WIC Cavity ist ein aus hydrophilem Polyurethan gefertigter Wundf\u00fcller. Die Matrix weist eine vorgestanzte Perforation auf. Dank dessen kann das Pad m\u00fchelos einzelne Wundf\u00fcllerstreifen unterteilt werden.<\/p>\n","protected":false},"featured_media":54092,"template":"","meta":{"_acf_changed":false},"product_brand":[],"product_cat":[302],"product_tag":[],"class_list":{"0":"post-54090","1":"product","2":"type-product","3":"status-publish","4":"has-post-thumbnail","6":"product_cat-p","7":"pa_packungsgroesse-10-stueck","9":"first","10":"instock","11":"shipping-taxable","12":"purchasable","13":"product-type-simple"},"acf":[],"_links":{"self":[{"href":"https:\/\/www.hirtenberg-apotheke.at\/katalog\/wp-json\/wp\/v2\/product\/54090","targetHints":{"allow":["GET"]}}],"collection":[{"href":"https:\/\/www.hirtenberg-apotheke.at\/katalog\/wp-json\/wp\/v2\/product"}],"about":[{"href":"https:\/\/www.hirtenberg-apotheke.at\/katalog\/wp-json\/wp\/v2\/types\/product"}],"wp:featuredmedia":[{"embeddable":true,"href":"https:\/\/www.hirtenberg-apotheke.at\/katalog\/wp-json\/wp\/v2\/media\/54092"}],"wp:attachment":[{"href":"https:\/\/www.hirtenberg-apotheke.at\/katalog\/wp-json\/wp\/v2\/media?parent=54090"}],"wp:term":[{"taxonomy":"product_brand","embeddable":true,"href":"https:\/\/www.hirtenberg-apotheke.at\/katalog\/wp-json\/wp\/v2\/product_brand?post=54090"},{"taxonomy":"product_cat","embeddable":true,"href":"https:\/\/www.hirtenberg-apotheke.at\/katalog\/wp-json\/wp\/v2\/product_cat?post=54090"},{"taxonomy":"product_tag","embeddable":true,"href":"https:\/\/www.hirtenberg-apotheke.at\/katalog\/wp-json\/wp\/v2\/product_tag?post=54090"}],"curies":[{"name":"wp","href":"https:\/\/api.w.org\/{rel}","templated":true}]}}