{"id":54111,"date":"2025-11-26T16:06:04","date_gmt":"2025-11-26T15:06:04","guid":{"rendered":"https:\/\/www.hirtenberg-apotheke.at\/katalog\/produkt\/bioselect-24hour-cream-anti-ageing-moisturizing\/"},"modified":"2025-11-26T16:06:40","modified_gmt":"2025-11-26T15:06:40","slug":"bioselect-24hour-cream-anti-ageing-moisturizing","status":"publish","type":"product","link":"https:\/\/www.hirtenberg-apotheke.at\/katalog\/produkt\/bioselect-24hour-cream-anti-ageing-moisturizing\/","title":{"rendered":"Bioselect 24hour Cream Anti-ageing\/moisturizing"},"content":{"rendered":"<p>Mit Dictamelia\u00ae*, Myrte* und Hafer*<\/p>\n<p>Feuchtigkeitsspendende Anti-Falten-Creme f\u00fcr langanhaltenden Schutz. Phenolverbindungen der Myrte* und Zucker vom Hafer* verhindern die Entstehung freier Radikale, verbessern die Elastizit\u00e4t der Haut und vermindern Falten.<\/p>\n<p>Dictamelia\u00ae* und wertvolle Inhaltsstoffe der Sonnenblume spenden der Haut 24 Stunden Feuchtigkeit, bieten ihr Schutz und sorgen f\u00fcr einen frischen und verj\u00fcngten Teint. Geeignet f\u00fcr alle Hauttypen<br \/>Anwendung: Morgens und abends auf die gut gereinigte Dekollet\u00e9- und Gesichtshaut auftragen.<\/p>\n<p>*\u00a0 aus kontrolliert biologischem Anbau<br \/>** Nat\u00fcrliche \u00e4therische \u00d6le<\/p>\n<p>Dictamelia\u00ae ist eine einzigartige, patentierte Formel aus der Pflanze Diktamus und biologischen extra nativem Oliven\u00f6l.<\/p>\n<p>Ohne Silikone, k\u00fcnstliche Farbstoffe, Parabene und Mineral\u00f6le \u2013 gem\u00e4\u00df ICEA Standard<\/p>\n<h3>Inhaltsstoffe:<\/h3>\n<p>Salvia Officinalis (Sage) Flower\/Leaf\/ Stem Water*, Aqua (Water), Cetearyl Alcohol, Glycine Soja (Soyabean) Oil*, Olea Europaea (Olive) Fruit oil*, Simmondsia Chinensis (Jojoba) Seed Oil*, Glycerin*, Helianthus annuus (Sunflower) Seed oil Unsaponifiables*, Butyrospermum parkii (Shea) butter*, Cetyl Phosphate, Glyceryl Stearate, Panthenol, Myrtus Communis (Myrtle) Leaf Extract*, Avena Sativa (Oat) Kernel Extract*, Origanum Dictamnus Flower\/Leaf\/ Stem Extract*, Hypericum Perforatum (St&#8220; Johns Wort) Extract*, Helianthus annus (Sunflower) Seed oil*, Rosmarinus Officinalis (Rosemary) Leaf Extract*, Sodium Hyaluronate, Cetearyl Glucoside, Xanthan Gum, Potassium Sorbate, Sodium Hydroxide, Dehydroacetic acid, Benzyl Alcohol, Glyceryl Undecylenate<\/p>\n","protected":false},"excerpt":{"rendered":"<p>Mit Dictamelia\u00ae*, Myrte* und Hafer* Feuchtigkeitsspendende Anti-Falten-Creme f\u00fcr langanhaltenden Schutz. Phenolverbindungen der Myrte* und Zucker vom Hafer* verhindern die Entstehung freier Radikale, verbessern die Elastizit\u00e4t der Haut und vermindern Falten. Dictamelia\u00ae* und wertvolle Inhaltsstoffe der Sonnenblume spenden der Haut 24 Stunden Feuchtigkeit, bieten ihr Schutz und sorgen f\u00fcr einen frischen und verj\u00fcngten Teint. Geeignet f\u00fcr [&hellip;]<\/p>\n","protected":false},"featured_media":54113,"template":"","meta":{"_acf_changed":false},"product_brand":[],"product_cat":[292],"product_tag":[],"class_list":{"0":"post-54111","1":"product","2":"type-product","3":"status-publish","4":"has-post-thumbnail","6":"product_cat-b","7":"pa_packungsgroesse-50ml","9":"first","10":"instock","11":"shipping-taxable","12":"purchasable","13":"product-type-simple"},"acf":[],"_links":{"self":[{"href":"https:\/\/www.hirtenberg-apotheke.at\/katalog\/wp-json\/wp\/v2\/product\/54111","targetHints":{"allow":["GET"]}}],"collection":[{"href":"https:\/\/www.hirtenberg-apotheke.at\/katalog\/wp-json\/wp\/v2\/product"}],"about":[{"href":"https:\/\/www.hirtenberg-apotheke.at\/katalog\/wp-json\/wp\/v2\/types\/product"}],"wp:featuredmedia":[{"embeddable":true,"href":"https:\/\/www.hirtenberg-apotheke.at\/katalog\/wp-json\/wp\/v2\/media\/54113"}],"wp:attachment":[{"href":"https:\/\/www.hirtenberg-apotheke.at\/katalog\/wp-json\/wp\/v2\/media?parent=54111"}],"wp:term":[{"taxonomy":"product_brand","embeddable":true,"href":"https:\/\/www.hirtenberg-apotheke.at\/katalog\/wp-json\/wp\/v2\/product_brand?post=54111"},{"taxonomy":"product_cat","embeddable":true,"href":"https:\/\/www.hirtenberg-apotheke.at\/katalog\/wp-json\/wp\/v2\/product_cat?post=54111"},{"taxonomy":"product_tag","embeddable":true,"href":"https:\/\/www.hirtenberg-apotheke.at\/katalog\/wp-json\/wp\/v2\/product_tag?post=54111"}],"curies":[{"name":"wp","href":"https:\/\/api.w.org\/{rel}","templated":true}]}}