{"id":54150,"date":"2025-11-26T16:07:21","date_gmt":"2025-11-26T15:07:21","guid":{"rendered":"https:\/\/www.hirtenberg-apotheke.at\/katalog\/produkt\/life-light-kapseln-pro-enzym-60-stk\/"},"modified":"2025-11-26T16:07:28","modified_gmt":"2025-11-26T15:07:28","slug":"life-light-kapseln-pro-enzym-60-stk","status":"publish","type":"product","link":"https:\/\/www.hirtenberg-apotheke.at\/katalog\/produkt\/life-light-kapseln-pro-enzym-60-stk\/","title":{"rendered":"Life Light Kapseln Pro Enzym 60 Stk."},"content":{"rendered":"<p>Life Light Kapseln Pro Enzym sind ein innovatives Kombinationspr\u00e4parat mit einer speziellen Mikron\u00e4hrstoffformel. Wichtigste Bestandteile sind pflanzliche Proteasen, Vitamine, Spurenelemente, Aminos\u00e4uren und sekund\u00e4re Pflanzenstoffe. Sie tragen unter anderem zu einer normalen Funktion des Nervensystems und einer Reduktion von M\u00fcdigkeit und Erm\u00fcdung bei.<\/p>\n","protected":false},"excerpt":{"rendered":"<p>Life Light Kapseln Pro Enzym sind ein innovatives Kombinationspr\u00e4parat mit einer speziellen Mikron\u00e4hrstoffformel. Wichtigste Bestandteile sind pflanzliche Proteasen, Vitamine, Spurenelemente, Aminos\u00e4uren und sekund\u00e4re Pflanzenstoffe. Sie tragen unter anderem zu einer normalen Funktion des Nervensystems und einer Reduktion von M\u00fcdigkeit und Erm\u00fcdung bei.<\/p>\n","protected":false},"featured_media":0,"template":"","meta":{"_acf_changed":false},"product_brand":[],"product_cat":[317],"product_tag":[],"class_list":{"0":"post-54150","1":"product","2":"type-product","3":"status-publish","5":"product_cat-l","6":"pa_packungsgroesse-60-stueck","8":"first","9":"instock","10":"shipping-taxable","11":"purchasable","12":"product-type-simple"},"acf":[],"_links":{"self":[{"href":"https:\/\/www.hirtenberg-apotheke.at\/katalog\/wp-json\/wp\/v2\/product\/54150","targetHints":{"allow":["GET"]}}],"collection":[{"href":"https:\/\/www.hirtenberg-apotheke.at\/katalog\/wp-json\/wp\/v2\/product"}],"about":[{"href":"https:\/\/www.hirtenberg-apotheke.at\/katalog\/wp-json\/wp\/v2\/types\/product"}],"wp:attachment":[{"href":"https:\/\/www.hirtenberg-apotheke.at\/katalog\/wp-json\/wp\/v2\/media?parent=54150"}],"wp:term":[{"taxonomy":"product_brand","embeddable":true,"href":"https:\/\/www.hirtenberg-apotheke.at\/katalog\/wp-json\/wp\/v2\/product_brand?post=54150"},{"taxonomy":"product_cat","embeddable":true,"href":"https:\/\/www.hirtenberg-apotheke.at\/katalog\/wp-json\/wp\/v2\/product_cat?post=54150"},{"taxonomy":"product_tag","embeddable":true,"href":"https:\/\/www.hirtenberg-apotheke.at\/katalog\/wp-json\/wp\/v2\/product_tag?post=54150"}],"curies":[{"name":"wp","href":"https:\/\/api.w.org\/{rel}","templated":true}]}}