{"id":54183,"date":"2025-11-26T16:07:56","date_gmt":"2025-11-26T15:07:56","guid":{"rendered":"https:\/\/www.hirtenberg-apotheke.at\/katalog\/produkt\/life-light-femmewell-meno-kapseln-30-stk\/"},"modified":"2025-11-26T16:08:08","modified_gmt":"2025-11-26T15:08:08","slug":"life-light-femmewell-meno-kapseln-30-stk","status":"publish","type":"product","link":"https:\/\/www.hirtenberg-apotheke.at\/katalog\/produkt\/life-light-femmewell-meno-kapseln-30-stk\/","title":{"rendered":"Life Light FemmeWell Meno Kapseln 30 Stk."},"content":{"rendered":"<p>Life Light Fem Well Meno Formula Kapseln sind ein di\u00e4tetisches Lebensmittel f\u00fcr besondere medizinische Zwecke. Aufgrund der Zusammensetzung und Dosierung der Zutaten ist das Mittel bestens zur di\u00e4tetischen Behandlung der Frau in der Menopause geeignet.<\/p>\n","protected":false},"excerpt":{"rendered":"<p>Life Light Fem Well Meno Formula Kapseln sind ein di\u00e4tetisches Lebensmittel f\u00fcr besondere medizinische Zwecke. Aufgrund der Zusammensetzung und Dosierung der Zutaten ist das Mittel bestens zur di\u00e4tetischen Behandlung der Frau in der Menopause geeignet.<\/p>\n","protected":false},"featured_media":0,"template":"","meta":{"_acf_changed":false},"product_brand":[],"product_cat":[317],"product_tag":[],"class_list":{"0":"post-54183","1":"product","2":"type-product","3":"status-publish","5":"product_cat-l","6":"pa_packungsgroesse-30-stueck","8":"first","9":"instock","10":"shipping-taxable","11":"purchasable","12":"product-type-simple"},"acf":[],"_links":{"self":[{"href":"https:\/\/www.hirtenberg-apotheke.at\/katalog\/wp-json\/wp\/v2\/product\/54183","targetHints":{"allow":["GET"]}}],"collection":[{"href":"https:\/\/www.hirtenberg-apotheke.at\/katalog\/wp-json\/wp\/v2\/product"}],"about":[{"href":"https:\/\/www.hirtenberg-apotheke.at\/katalog\/wp-json\/wp\/v2\/types\/product"}],"wp:attachment":[{"href":"https:\/\/www.hirtenberg-apotheke.at\/katalog\/wp-json\/wp\/v2\/media?parent=54183"}],"wp:term":[{"taxonomy":"product_brand","embeddable":true,"href":"https:\/\/www.hirtenberg-apotheke.at\/katalog\/wp-json\/wp\/v2\/product_brand?post=54183"},{"taxonomy":"product_cat","embeddable":true,"href":"https:\/\/www.hirtenberg-apotheke.at\/katalog\/wp-json\/wp\/v2\/product_cat?post=54183"},{"taxonomy":"product_tag","embeddable":true,"href":"https:\/\/www.hirtenberg-apotheke.at\/katalog\/wp-json\/wp\/v2\/product_tag?post=54183"}],"curies":[{"name":"wp","href":"https:\/\/api.w.org\/{rel}","templated":true}]}}