{"id":54224,"date":"2025-11-26T16:08:22","date_gmt":"2025-11-26T15:08:22","guid":{"rendered":"https:\/\/www.hirtenberg-apotheke.at\/katalog\/produkt\/exufiber-steril-10-stk-5-x-5-cm\/"},"modified":"2025-11-26T16:08:45","modified_gmt":"2025-11-26T15:08:45","slug":"exufiber-steril-10-stk-5-x-5-cm","status":"publish","type":"product","link":"https:\/\/www.hirtenberg-apotheke.at\/katalog\/produkt\/exufiber-steril-10-stk-5-x-5-cm\/","title":{"rendered":"Exufiber Steril 10 Stk. 5 x 5 cm"},"content":{"rendered":"<p>M\u00f6lnlycke Health Care ist einer der weltweit fhrenden Anbieter von OP-Einwegprodukten und Produkten f\u00fcr die Wundversorgung f\u00fcr medizinische Fachkr\u00e4fte und Patienten.<\/p>\n","protected":false},"excerpt":{"rendered":"<p>M\u00f6lnlycke Health Care ist einer der weltweit fhrenden Anbieter von OP-Einwegprodukten und Produkten f\u00fcr die Wundversorgung f\u00fcr medizinische Fachkr\u00e4fte und Patienten.<\/p>\n","protected":false},"featured_media":0,"template":"","meta":{"_acf_changed":false},"product_brand":[],"product_cat":[307],"product_tag":[],"class_list":{"0":"post-54224","1":"product","2":"type-product","3":"status-publish","5":"product_cat-e","6":"pa_packungsgroesse-10-stueck","8":"first","9":"instock","10":"shipping-taxable","11":"purchasable","12":"product-type-simple"},"acf":[],"_links":{"self":[{"href":"https:\/\/www.hirtenberg-apotheke.at\/katalog\/wp-json\/wp\/v2\/product\/54224","targetHints":{"allow":["GET"]}}],"collection":[{"href":"https:\/\/www.hirtenberg-apotheke.at\/katalog\/wp-json\/wp\/v2\/product"}],"about":[{"href":"https:\/\/www.hirtenberg-apotheke.at\/katalog\/wp-json\/wp\/v2\/types\/product"}],"wp:attachment":[{"href":"https:\/\/www.hirtenberg-apotheke.at\/katalog\/wp-json\/wp\/v2\/media?parent=54224"}],"wp:term":[{"taxonomy":"product_brand","embeddable":true,"href":"https:\/\/www.hirtenberg-apotheke.at\/katalog\/wp-json\/wp\/v2\/product_brand?post=54224"},{"taxonomy":"product_cat","embeddable":true,"href":"https:\/\/www.hirtenberg-apotheke.at\/katalog\/wp-json\/wp\/v2\/product_cat?post=54224"},{"taxonomy":"product_tag","embeddable":true,"href":"https:\/\/www.hirtenberg-apotheke.at\/katalog\/wp-json\/wp\/v2\/product_tag?post=54224"}],"curies":[{"name":"wp","href":"https:\/\/api.w.org\/{rel}","templated":true}]}}