{"id":54230,"date":"2025-11-26T16:08:46","date_gmt":"2025-11-26T15:08:46","guid":{"rendered":"https:\/\/www.hirtenberg-apotheke.at\/katalog\/produkt\/jod-kapseln-2\/"},"modified":"2025-11-26T16:33:56","modified_gmt":"2025-11-26T15:33:56","slug":"jod-kapseln-2","status":"publish","type":"product","link":"https:\/\/www.hirtenberg-apotheke.at\/katalog\/produkt\/jod-kapseln-2\/","title":{"rendered":"Jod Kapseln"},"content":{"rendered":"<p>Jod GPH Kapseln enthalten 150 \u00b5g Jod aus Blasentang. Jod tr\u00e4gt zu einer normalen Produktion von Schilddr\u00fcsenhormonen und zu einer normalen Schildddr\u00fcsenfunktion bei. Wenn Symptome eines Jodmangels, wie zum Beispiel Antriebslosigkeit, Gewichtszunahme und M\u00fcdigkeit auftreten, erg\u00e4nzen Blasentang GPH Kapsel die Ern\u00e4hrung sinnvoll. erhalten Sie dieses Produkt in Packungen zu 60 und 90 St\u00fcck.<\/p>\n","protected":false},"excerpt":{"rendered":"<p>Jod GPH Kapseln enthalten 150 \u00b5g Jod aus Blasentang. Jod tr\u00e4gt zu einer normalen Produktion von Schilddr\u00fcsenhormonen und zu einer normalen Schildddr\u00fcsenfunktion bei. Wenn Symptome eines Jodmangels, wie zum Beispiel Antriebslosigkeit, Gewichtszunahme und M\u00fcdigkeit auftreten, erg\u00e4nzen Blasentang GPH Kapsel die Ern\u00e4hrung sinnvoll. erhalten Sie dieses Produkt in Packungen zu 60 und 90 St\u00fcck.<\/p>\n","protected":false},"featured_media":54232,"template":"","meta":{"_acf_changed":false},"product_brand":[316],"product_cat":[335],"product_tag":[],"class_list":{"0":"post-54230","1":"product","2":"type-product","3":"status-publish","4":"has-post-thumbnail","6":"product_brand-gall-pharma","7":"product_cat-j","8":"pa_packungsgroesse-60-stueck","9":"pa_packungsgroesse-90-stueck","11":"first","12":"instock","13":"shipping-taxable","14":"purchasable","15":"product-type-simple"},"acf":[],"_links":{"self":[{"href":"https:\/\/www.hirtenberg-apotheke.at\/katalog\/wp-json\/wp\/v2\/product\/54230","targetHints":{"allow":["GET"]}}],"collection":[{"href":"https:\/\/www.hirtenberg-apotheke.at\/katalog\/wp-json\/wp\/v2\/product"}],"about":[{"href":"https:\/\/www.hirtenberg-apotheke.at\/katalog\/wp-json\/wp\/v2\/types\/product"}],"wp:featuredmedia":[{"embeddable":true,"href":"https:\/\/www.hirtenberg-apotheke.at\/katalog\/wp-json\/wp\/v2\/media\/54232"}],"wp:attachment":[{"href":"https:\/\/www.hirtenberg-apotheke.at\/katalog\/wp-json\/wp\/v2\/media?parent=54230"}],"wp:term":[{"taxonomy":"product_brand","embeddable":true,"href":"https:\/\/www.hirtenberg-apotheke.at\/katalog\/wp-json\/wp\/v2\/product_brand?post=54230"},{"taxonomy":"product_cat","embeddable":true,"href":"https:\/\/www.hirtenberg-apotheke.at\/katalog\/wp-json\/wp\/v2\/product_cat?post=54230"},{"taxonomy":"product_tag","embeddable":true,"href":"https:\/\/www.hirtenberg-apotheke.at\/katalog\/wp-json\/wp\/v2\/product_tag?post=54230"}],"curies":[{"name":"wp","href":"https:\/\/api.w.org\/{rel}","templated":true}]}}