{"id":54250,"date":"2025-11-26T16:08:46","date_gmt":"2025-11-26T15:08:46","guid":{"rendered":"https:\/\/www.hirtenberg-apotheke.at\/katalog\/produkt\/reichi-cafe-reishi-pilz-kaffee-kokos-vegan-400g\/"},"modified":"2025-11-26T16:09:27","modified_gmt":"2025-11-26T15:09:27","slug":"reichi-cafe-reishi-pilz-kaffee-kokos-vegan-400g","status":"publish","type":"product","link":"https:\/\/www.hirtenberg-apotheke.at\/katalog\/produkt\/reichi-cafe-reishi-pilz-kaffee-kokos-vegan-400g\/","title":{"rendered":"ReiChi Cafe Reishi-Pilz Kaffee Kokos vegan 400g"},"content":{"rendered":"<p>ReiChi Cafe hat seinen Namen vom Reishi-Pilz, der in Asien bereits seit Jahrtausenden gro\u00dfe Verehrung genie\u00dft. \u201eChi\u201c hei\u00dft \u00fcbersetzt Lebenskraft. Erwecken Sie Ihre Lebenskraft* und genie\u00dfen Sie eine Tasse ReiChi Cafe. Das Besondere an ReiChi Cafe ist seine einzigartige Komposition, die das erlesene zartherbe Aroma von Reishi-Pilz, Ginseng, Guarana und Espresso-Kaffee mit der mild-cremigen Note von Kokosmilch vereint &#8211; nur mit hohem Rabatt, denn wir pulverisieren Preise!<\/p>\n<p>&#13;<\/p>\n<p>*)Pro Tasse ReiChi Cafe sind ca. 75 mg Koffein enthalten, das die Konzentration verbessert und die Aufmerksamkeit erh\u00f6ht.<\/p>\n","protected":false},"excerpt":{"rendered":"<p>ReiChi Cafe hat seinen Namen vom Reishi-Pilz, der in Asien bereits seit Jahrtausenden gro\u00dfe Verehrung genie\u00dft. \u201eChi\u201c hei\u00dft \u00fcbersetzt Lebenskraft. Erwecken Sie Ihre Lebenskraft* und genie\u00dfen Sie eine Tasse ReiChi Cafe. Das Besondere an ReiChi Cafe ist seine einzigartige Komposition, die das erlesene zartherbe Aroma von Reishi-Pilz, Ginseng, Guarana und Espresso-Kaffee mit der mild-cremigen Note [&hellip;]<\/p>\n","protected":false},"featured_media":54252,"template":"","meta":{"_acf_changed":false},"product_brand":[],"product_cat":[311],"product_tag":[],"class_list":{"0":"post-54250","1":"product","2":"type-product","3":"status-publish","4":"has-post-thumbnail","6":"product_cat-r","7":"pa_packungsgroesse-400g","9":"first","10":"instock","11":"shipping-taxable","12":"purchasable","13":"product-type-simple"},"acf":[],"_links":{"self":[{"href":"https:\/\/www.hirtenberg-apotheke.at\/katalog\/wp-json\/wp\/v2\/product\/54250","targetHints":{"allow":["GET"]}}],"collection":[{"href":"https:\/\/www.hirtenberg-apotheke.at\/katalog\/wp-json\/wp\/v2\/product"}],"about":[{"href":"https:\/\/www.hirtenberg-apotheke.at\/katalog\/wp-json\/wp\/v2\/types\/product"}],"wp:featuredmedia":[{"embeddable":true,"href":"https:\/\/www.hirtenberg-apotheke.at\/katalog\/wp-json\/wp\/v2\/media\/54252"}],"wp:attachment":[{"href":"https:\/\/www.hirtenberg-apotheke.at\/katalog\/wp-json\/wp\/v2\/media?parent=54250"}],"wp:term":[{"taxonomy":"product_brand","embeddable":true,"href":"https:\/\/www.hirtenberg-apotheke.at\/katalog\/wp-json\/wp\/v2\/product_brand?post=54250"},{"taxonomy":"product_cat","embeddable":true,"href":"https:\/\/www.hirtenberg-apotheke.at\/katalog\/wp-json\/wp\/v2\/product_cat?post=54250"},{"taxonomy":"product_tag","embeddable":true,"href":"https:\/\/www.hirtenberg-apotheke.at\/katalog\/wp-json\/wp\/v2\/product_tag?post=54250"}],"curies":[{"name":"wp","href":"https:\/\/api.w.org\/{rel}","templated":true}]}}