{"id":54316,"date":"2025-11-26T16:10:24","date_gmt":"2025-11-26T15:10:24","guid":{"rendered":"https:\/\/www.hirtenberg-apotheke.at\/katalog\/produkt\/life-light-l-arginin-500-kapseln-60-stk\/"},"modified":"2025-11-26T16:10:37","modified_gmt":"2025-11-26T15:10:37","slug":"life-light-l-arginin-500-kapseln-60-stk","status":"publish","type":"product","link":"https:\/\/www.hirtenberg-apotheke.at\/katalog\/produkt\/life-light-l-arginin-500-kapseln-60-stk\/","title":{"rendered":"Life Light L-Arginin 500 Kapseln 60 Stk."},"content":{"rendered":"<p>Life Light L-Arginin Kapseln enthalten die reine semi-essentielle Aminos\u00e4ure L-Arginin, die wichtig f\u00fcr den Aminos\u00e4urepool im Blutplasma ist. Das enthaltene Vitamin B6 tr\u00e4gt zu einem normalen Eiwei\u00df- und Glycogenstoffwechsel, einer normalen Bildung roter Blutk\u00f6rperchen, einer Verringerung von M\u00fcdigkeit und Erm\u00fcdung sowie zu einer normalen Funktion von Psyche und Nervensystem bei.<\/p>\n","protected":false},"excerpt":{"rendered":"<p>Life Light L-Arginin Kapseln enthalten die reine semi-essentielle Aminos\u00e4ure L-Arginin, die wichtig f\u00fcr den Aminos\u00e4urepool im Blutplasma ist. Das enthaltene Vitamin B6 tr\u00e4gt zu einem normalen Eiwei\u00df- und Glycogenstoffwechsel, einer normalen Bildung roter Blutk\u00f6rperchen, einer Verringerung von M\u00fcdigkeit und Erm\u00fcdung sowie zu einer normalen Funktion von Psyche und Nervensystem bei.<\/p>\n","protected":false},"featured_media":0,"template":"","meta":{"_acf_changed":false},"product_brand":[],"product_cat":[317],"product_tag":[],"class_list":{"0":"post-54316","1":"product","2":"type-product","3":"status-publish","5":"product_cat-l","6":"pa_packungsgroesse-60-stueck","8":"first","9":"instock","10":"shipping-taxable","11":"purchasable","12":"product-type-simple"},"acf":[],"_links":{"self":[{"href":"https:\/\/www.hirtenberg-apotheke.at\/katalog\/wp-json\/wp\/v2\/product\/54316","targetHints":{"allow":["GET"]}}],"collection":[{"href":"https:\/\/www.hirtenberg-apotheke.at\/katalog\/wp-json\/wp\/v2\/product"}],"about":[{"href":"https:\/\/www.hirtenberg-apotheke.at\/katalog\/wp-json\/wp\/v2\/types\/product"}],"wp:attachment":[{"href":"https:\/\/www.hirtenberg-apotheke.at\/katalog\/wp-json\/wp\/v2\/media?parent=54316"}],"wp:term":[{"taxonomy":"product_brand","embeddable":true,"href":"https:\/\/www.hirtenberg-apotheke.at\/katalog\/wp-json\/wp\/v2\/product_brand?post=54316"},{"taxonomy":"product_cat","embeddable":true,"href":"https:\/\/www.hirtenberg-apotheke.at\/katalog\/wp-json\/wp\/v2\/product_cat?post=54316"},{"taxonomy":"product_tag","embeddable":true,"href":"https:\/\/www.hirtenberg-apotheke.at\/katalog\/wp-json\/wp\/v2\/product_tag?post=54316"}],"curies":[{"name":"wp","href":"https:\/\/api.w.org\/{rel}","templated":true}]}}