{"id":54322,"date":"2025-11-26T16:10:24","date_gmt":"2025-11-26T15:10:24","guid":{"rendered":"https:\/\/www.hirtenberg-apotheke.at\/katalog\/produkt\/nippes-schere-fussnagel-1-stk\/"},"modified":"2025-11-26T16:10:41","modified_gmt":"2025-11-26T15:10:41","slug":"nippes-schere-fussnagel-1-stk","status":"publish","type":"product","link":"https:\/\/www.hirtenberg-apotheke.at\/katalog\/produkt\/nippes-schere-fussnagel-1-stk\/","title":{"rendered":"Nippes Schere Fu\u00dfnagel 1 Stk."},"content":{"rendered":"<p>Nippes Schere Fu\u00dfnagel ist eine Schere der Spitzenklasse, die Ihnen zu besonders sch\u00f6nen F\u00fc\u00dfen verhilft. Nat\u00fcrlich ist auch dieses Produkt  so wie alle Produkte von Nippes  aus hochwertigen Materialien und von Hand gefertigt \u2013<\/p>\n","protected":false},"excerpt":{"rendered":"<p>Nippes Schere Fu\u00dfnagel ist eine Schere der Spitzenklasse, die Ihnen zu besonders sch\u00f6nen F\u00fc\u00dfen verhilft. Nat\u00fcrlich ist auch dieses Produkt so wie alle Produkte von Nippes aus hochwertigen Materialien und von Hand gefertigt \u2013<\/p>\n","protected":false},"featured_media":54324,"template":"","meta":{"_acf_changed":false},"product_brand":[684],"product_cat":[310],"product_tag":[],"class_list":{"0":"post-54322","1":"product","2":"type-product","3":"status-publish","4":"has-post-thumbnail","6":"product_brand-nippes","7":"product_cat-n","8":"pa_packungsgroesse-1-stueck","10":"first","11":"instock","12":"shipping-taxable","13":"purchasable","14":"product-type-simple"},"acf":[],"_links":{"self":[{"href":"https:\/\/www.hirtenberg-apotheke.at\/katalog\/wp-json\/wp\/v2\/product\/54322","targetHints":{"allow":["GET"]}}],"collection":[{"href":"https:\/\/www.hirtenberg-apotheke.at\/katalog\/wp-json\/wp\/v2\/product"}],"about":[{"href":"https:\/\/www.hirtenberg-apotheke.at\/katalog\/wp-json\/wp\/v2\/types\/product"}],"wp:featuredmedia":[{"embeddable":true,"href":"https:\/\/www.hirtenberg-apotheke.at\/katalog\/wp-json\/wp\/v2\/media\/54324"}],"wp:attachment":[{"href":"https:\/\/www.hirtenberg-apotheke.at\/katalog\/wp-json\/wp\/v2\/media?parent=54322"}],"wp:term":[{"taxonomy":"product_brand","embeddable":true,"href":"https:\/\/www.hirtenberg-apotheke.at\/katalog\/wp-json\/wp\/v2\/product_brand?post=54322"},{"taxonomy":"product_cat","embeddable":true,"href":"https:\/\/www.hirtenberg-apotheke.at\/katalog\/wp-json\/wp\/v2\/product_cat?post=54322"},{"taxonomy":"product_tag","embeddable":true,"href":"https:\/\/www.hirtenberg-apotheke.at\/katalog\/wp-json\/wp\/v2\/product_tag?post=54322"}],"curies":[{"name":"wp","href":"https:\/\/api.w.org\/{rel}","templated":true}]}}