{"id":54330,"date":"2025-11-26T16:10:45","date_gmt":"2025-11-26T15:10:45","guid":{"rendered":"https:\/\/www.hirtenberg-apotheke.at\/katalog\/produkt\/life-light-spirulina-zink-tabletten-500-stk\/"},"modified":"2025-11-26T16:10:50","modified_gmt":"2025-11-26T15:10:50","slug":"life-light-spirulina-zink-tabletten-500-stk","status":"publish","type":"product","link":"https:\/\/www.hirtenberg-apotheke.at\/katalog\/produkt\/life-light-spirulina-zink-tabletten-500-stk\/","title":{"rendered":"Life Light Spirulina Zink Tabletten 500 Stk."},"content":{"rendered":"<p>Das Nahrungserg\u00e4nzungsmittel ist ein ganzheitliches Vitalpilzdestillat aus Agaricus, auch Agaricus subrufescens genannt, und hat einen Alkoholgehalt von 21%. Nahrungserg\u00e4nzungsmittel dienen nicht als Ersatz f\u00fcr eine abwechslungsreiche und ausgewogene Ern\u00e4hrung. Sie sind f\u00fcr Kinder unerreichbar aufzubewahren und die empfohlene Tagesdosis darf nicht \u00fcberschritten werden &#8211;<\/p>\n","protected":false},"excerpt":{"rendered":"<p>Das Nahrungserg\u00e4nzungsmittel ist ein ganzheitliches Vitalpilzdestillat aus Agaricus, auch Agaricus subrufescens genannt, und hat einen Alkoholgehalt von 21%. Nahrungserg\u00e4nzungsmittel dienen nicht als Ersatz f\u00fcr eine abwechslungsreiche und ausgewogene Ern\u00e4hrung. Sie sind f\u00fcr Kinder unerreichbar aufzubewahren und die empfohlene Tagesdosis darf nicht \u00fcberschritten werden &#8211;<\/p>\n","protected":false},"featured_media":54332,"template":"","meta":{"_acf_changed":false},"product_brand":[],"product_cat":[317],"product_tag":[],"class_list":{"0":"post-54330","1":"product","2":"type-product","3":"status-publish","4":"has-post-thumbnail","6":"product_cat-l","7":"pa_packungsgroesse-500-stueck","9":"first","10":"instock","11":"shipping-taxable","12":"purchasable","13":"product-type-simple"},"acf":[],"_links":{"self":[{"href":"https:\/\/www.hirtenberg-apotheke.at\/katalog\/wp-json\/wp\/v2\/product\/54330","targetHints":{"allow":["GET"]}}],"collection":[{"href":"https:\/\/www.hirtenberg-apotheke.at\/katalog\/wp-json\/wp\/v2\/product"}],"about":[{"href":"https:\/\/www.hirtenberg-apotheke.at\/katalog\/wp-json\/wp\/v2\/types\/product"}],"wp:featuredmedia":[{"embeddable":true,"href":"https:\/\/www.hirtenberg-apotheke.at\/katalog\/wp-json\/wp\/v2\/media\/54332"}],"wp:attachment":[{"href":"https:\/\/www.hirtenberg-apotheke.at\/katalog\/wp-json\/wp\/v2\/media?parent=54330"}],"wp:term":[{"taxonomy":"product_brand","embeddable":true,"href":"https:\/\/www.hirtenberg-apotheke.at\/katalog\/wp-json\/wp\/v2\/product_brand?post=54330"},{"taxonomy":"product_cat","embeddable":true,"href":"https:\/\/www.hirtenberg-apotheke.at\/katalog\/wp-json\/wp\/v2\/product_cat?post=54330"},{"taxonomy":"product_tag","embeddable":true,"href":"https:\/\/www.hirtenberg-apotheke.at\/katalog\/wp-json\/wp\/v2\/product_tag?post=54330"}],"curies":[{"name":"wp","href":"https:\/\/api.w.org\/{rel}","templated":true}]}}