{"id":54467,"date":"2025-11-26T16:13:23","date_gmt":"2025-11-26T15:13:23","guid":{"rendered":"https:\/\/www.hirtenberg-apotheke.at\/katalog\/produkt\/l-tryptophan-kapseln-250mg-junek-60-stk\/"},"modified":"2025-11-26T16:13:30","modified_gmt":"2025-11-26T15:13:30","slug":"l-tryptophan-kapseln-250mg-junek-60-stk","status":"publish","type":"product","link":"https:\/\/www.hirtenberg-apotheke.at\/katalog\/produkt\/l-tryptophan-kapseln-250mg-junek-60-stk\/","title":{"rendered":"L-Tryptophan Kapseln 250mg Junek 60 Stk."},"content":{"rendered":"<p>L-Tryptophan Kapseln enthalten 250 mg L-Tryptophan in einer Hartgelatinekapsel. Es geh\u00f6rt zusammen mit L-Phenylalanin und L-Tyrosin zur Gruppe der aromatischen Aminos\u00e4uren und ist essentiell. Schinken, Beef-Steak-Fleisch, Eier, Parmesan-K\u00e4se, Mandeln und Wild enthalten gr\u00f6\u00dfere Mengen an dieser Aminos\u00e4ure.<\/p>\n","protected":false},"excerpt":{"rendered":"<p>L-Tryptophan Kapseln enthalten 250 mg L-Tryptophan in einer Hartgelatinekapsel. Es geh\u00f6rt zusammen mit L-Phenylalanin und L-Tyrosin zur Gruppe der aromatischen Aminos\u00e4uren und ist essentiell. Schinken, Beef-Steak-Fleisch, Eier, Parmesan-K\u00e4se, Mandeln und Wild enthalten gr\u00f6\u00dfere Mengen an dieser Aminos\u00e4ure.<\/p>\n","protected":false},"featured_media":0,"template":"","meta":{"_acf_changed":false},"product_brand":[],"product_cat":[317],"product_tag":[],"class_list":{"0":"post-54467","1":"product","2":"type-product","3":"status-publish","5":"product_cat-l","6":"pa_packungsgroesse-60-stueck","8":"first","9":"instock","10":"shipping-taxable","11":"purchasable","12":"product-type-simple"},"acf":[],"_links":{"self":[{"href":"https:\/\/www.hirtenberg-apotheke.at\/katalog\/wp-json\/wp\/v2\/product\/54467","targetHints":{"allow":["GET"]}}],"collection":[{"href":"https:\/\/www.hirtenberg-apotheke.at\/katalog\/wp-json\/wp\/v2\/product"}],"about":[{"href":"https:\/\/www.hirtenberg-apotheke.at\/katalog\/wp-json\/wp\/v2\/types\/product"}],"wp:attachment":[{"href":"https:\/\/www.hirtenberg-apotheke.at\/katalog\/wp-json\/wp\/v2\/media?parent=54467"}],"wp:term":[{"taxonomy":"product_brand","embeddable":true,"href":"https:\/\/www.hirtenberg-apotheke.at\/katalog\/wp-json\/wp\/v2\/product_brand?post=54467"},{"taxonomy":"product_cat","embeddable":true,"href":"https:\/\/www.hirtenberg-apotheke.at\/katalog\/wp-json\/wp\/v2\/product_cat?post=54467"},{"taxonomy":"product_tag","embeddable":true,"href":"https:\/\/www.hirtenberg-apotheke.at\/katalog\/wp-json\/wp\/v2\/product_tag?post=54467"}],"curies":[{"name":"wp","href":"https:\/\/api.w.org\/{rel}","templated":true}]}}