{"id":54481,"date":"2025-11-26T16:13:23","date_gmt":"2025-11-26T15:13:23","guid":{"rendered":"https:\/\/www.hirtenberg-apotheke.at\/katalog\/produkt\/darphin-professional-cleansers-cleansing-foam-gel-with-water-lily-125-ml\/"},"modified":"2025-11-26T16:13:54","modified_gmt":"2025-11-26T15:13:54","slug":"darphin-professional-cleansers-cleansing-foam-gel-with-water-lily-125-ml","status":"publish","type":"product","link":"https:\/\/www.hirtenberg-apotheke.at\/katalog\/produkt\/darphin-professional-cleansers-cleansing-foam-gel-with-water-lily-125-ml\/","title":{"rendered":"Darphin Professional Cleansers Cleansing Foam Gel with Water Lily 125 ml"},"content":{"rendered":"<p>Professional Cleansers Cleansing Foam Gel with Water Lily ist ein mildes Reinigungsgel, welches sich zu Schaum umwandelt, um gr\u00fcndlich Make-up, Unreinheiten und Talg\u00fcbersch\u00fcsse zu entfernen.<\/p>\n","protected":false},"excerpt":{"rendered":"<p>Professional Cleansers Cleansing Foam Gel with Water Lily ist ein mildes Reinigungsgel, welches sich zu Schaum umwandelt, um gr\u00fcndlich Make-up, Unreinheiten und Talg\u00fcbersch\u00fcsse zu entfernen.<\/p>\n","protected":false},"featured_media":54483,"template":"","meta":{"_acf_changed":false},"product_brand":[],"product_cat":[295],"product_tag":[],"class_list":{"0":"post-54481","1":"product","2":"type-product","3":"status-publish","4":"has-post-thumbnail","6":"product_cat-d","7":"pa_packungsgroesse-125ml","9":"first","10":"instock","11":"shipping-taxable","12":"purchasable","13":"product-type-simple"},"acf":[],"_links":{"self":[{"href":"https:\/\/www.hirtenberg-apotheke.at\/katalog\/wp-json\/wp\/v2\/product\/54481","targetHints":{"allow":["GET"]}}],"collection":[{"href":"https:\/\/www.hirtenberg-apotheke.at\/katalog\/wp-json\/wp\/v2\/product"}],"about":[{"href":"https:\/\/www.hirtenberg-apotheke.at\/katalog\/wp-json\/wp\/v2\/types\/product"}],"wp:featuredmedia":[{"embeddable":true,"href":"https:\/\/www.hirtenberg-apotheke.at\/katalog\/wp-json\/wp\/v2\/media\/54483"}],"wp:attachment":[{"href":"https:\/\/www.hirtenberg-apotheke.at\/katalog\/wp-json\/wp\/v2\/media?parent=54481"}],"wp:term":[{"taxonomy":"product_brand","embeddable":true,"href":"https:\/\/www.hirtenberg-apotheke.at\/katalog\/wp-json\/wp\/v2\/product_brand?post=54481"},{"taxonomy":"product_cat","embeddable":true,"href":"https:\/\/www.hirtenberg-apotheke.at\/katalog\/wp-json\/wp\/v2\/product_cat?post=54481"},{"taxonomy":"product_tag","embeddable":true,"href":"https:\/\/www.hirtenberg-apotheke.at\/katalog\/wp-json\/wp\/v2\/product_tag?post=54481"}],"curies":[{"name":"wp","href":"https:\/\/api.w.org\/{rel}","templated":true}]}}