{"id":54503,"date":"2025-11-26T16:14:18","date_gmt":"2025-11-26T15:14:18","guid":{"rendered":"https:\/\/www.hirtenberg-apotheke.at\/katalog\/produkt\/life-light-kapseln-multi-all-60-stk\/"},"modified":"2025-11-26T16:14:33","modified_gmt":"2025-11-26T15:14:33","slug":"life-light-kapseln-multi-all-60-stk","status":"publish","type":"product","link":"https:\/\/www.hirtenberg-apotheke.at\/katalog\/produkt\/life-light-kapseln-multi-all-60-stk\/","title":{"rendered":"Life Light Kapseln Multi All 60 Stk."},"content":{"rendered":"<p>Life Light Kapseln Multi All dienen zur t\u00e4glichen Basisversorgung mit Vitaminen, Spurenelementen und Mineralstoffen zur sinnvollen Erg\u00e4nzung der t\u00e4glichen Ern\u00e4hrung. Als besonderes Plus enth\u00e4lt die Formel auch wichtige Vitaminoide, pflanzliche Enzyme sowie bioaktive Pflanzenstoffe.<\/p>\n","protected":false},"excerpt":{"rendered":"<p>Life Light Kapseln Multi All dienen zur t\u00e4glichen Basisversorgung mit Vitaminen, Spurenelementen und Mineralstoffen zur sinnvollen Erg\u00e4nzung der t\u00e4glichen Ern\u00e4hrung. Als besonderes Plus enth\u00e4lt die Formel auch wichtige Vitaminoide, pflanzliche Enzyme sowie bioaktive Pflanzenstoffe.<\/p>\n","protected":false},"featured_media":0,"template":"","meta":{"_acf_changed":false},"product_brand":[],"product_cat":[317],"product_tag":[],"class_list":{"0":"post-54503","1":"product","2":"type-product","3":"status-publish","5":"product_cat-l","6":"pa_packungsgroesse-60-stueck","8":"first","9":"instock","10":"shipping-taxable","11":"purchasable","12":"product-type-simple"},"acf":[],"_links":{"self":[{"href":"https:\/\/www.hirtenberg-apotheke.at\/katalog\/wp-json\/wp\/v2\/product\/54503","targetHints":{"allow":["GET"]}}],"collection":[{"href":"https:\/\/www.hirtenberg-apotheke.at\/katalog\/wp-json\/wp\/v2\/product"}],"about":[{"href":"https:\/\/www.hirtenberg-apotheke.at\/katalog\/wp-json\/wp\/v2\/types\/product"}],"wp:attachment":[{"href":"https:\/\/www.hirtenberg-apotheke.at\/katalog\/wp-json\/wp\/v2\/media?parent=54503"}],"wp:term":[{"taxonomy":"product_brand","embeddable":true,"href":"https:\/\/www.hirtenberg-apotheke.at\/katalog\/wp-json\/wp\/v2\/product_brand?post=54503"},{"taxonomy":"product_cat","embeddable":true,"href":"https:\/\/www.hirtenberg-apotheke.at\/katalog\/wp-json\/wp\/v2\/product_cat?post=54503"},{"taxonomy":"product_tag","embeddable":true,"href":"https:\/\/www.hirtenberg-apotheke.at\/katalog\/wp-json\/wp\/v2\/product_tag?post=54503"}],"curies":[{"name":"wp","href":"https:\/\/api.w.org\/{rel}","templated":true}]}}