{"id":54579,"date":"2025-11-26T16:15:42","date_gmt":"2025-11-26T15:15:42","guid":{"rendered":"https:\/\/www.hirtenberg-apotheke.at\/katalog\/produkt\/tetesept-meersalz-bad-muskel-gelenke-750-g\/"},"modified":"2025-11-26T16:15:58","modified_gmt":"2025-11-26T15:15:58","slug":"tetesept-meersalz-bad-muskel-gelenke-750-g","status":"publish","type":"product","link":"https:\/\/www.hirtenberg-apotheke.at\/katalog\/produkt\/tetesept-meersalz-bad-muskel-gelenke-750-g\/","title":{"rendered":"Tetesept Meersalz Bad Muskel &#038; Gelenke 750 g"},"content":{"rendered":"<p>Tetesept Muskel &#038; Gelenk Meersalz ist ein Badezusatz zur nat\u00fcrlichen Linderung bei verspannten und m\u00fcden Muskeln und Gelenken mit 100% nat\u00fcrlichem Meersalz. Lockert und entspannt Muskeln und Gelenke. L\u00f6st Verspannungen.<\/p>\n","protected":false},"excerpt":{"rendered":"<p>Tetesept Muskel &#038; Gelenk Meersalz ist ein Badezusatz zur nat\u00fcrlichen Linderung bei verspannten und m\u00fcden Muskeln und Gelenken mit 100% nat\u00fcrlichem Meersalz. Lockert und entspannt Muskeln und Gelenke. L\u00f6st Verspannungen.<\/p>\n","protected":false},"featured_media":0,"template":"","meta":{"_acf_changed":false},"product_brand":[468],"product_cat":[319],"product_tag":[],"class_list":{"0":"post-54579","1":"product","2":"type-product","3":"status-publish","5":"product_brand-tetesept","6":"product_cat-t","7":"pa_packungsgroesse-750g","9":"first","10":"instock","11":"shipping-taxable","12":"purchasable","13":"product-type-simple"},"acf":[],"_links":{"self":[{"href":"https:\/\/www.hirtenberg-apotheke.at\/katalog\/wp-json\/wp\/v2\/product\/54579","targetHints":{"allow":["GET"]}}],"collection":[{"href":"https:\/\/www.hirtenberg-apotheke.at\/katalog\/wp-json\/wp\/v2\/product"}],"about":[{"href":"https:\/\/www.hirtenberg-apotheke.at\/katalog\/wp-json\/wp\/v2\/types\/product"}],"wp:attachment":[{"href":"https:\/\/www.hirtenberg-apotheke.at\/katalog\/wp-json\/wp\/v2\/media?parent=54579"}],"wp:term":[{"taxonomy":"product_brand","embeddable":true,"href":"https:\/\/www.hirtenberg-apotheke.at\/katalog\/wp-json\/wp\/v2\/product_brand?post=54579"},{"taxonomy":"product_cat","embeddable":true,"href":"https:\/\/www.hirtenberg-apotheke.at\/katalog\/wp-json\/wp\/v2\/product_cat?post=54579"},{"taxonomy":"product_tag","embeddable":true,"href":"https:\/\/www.hirtenberg-apotheke.at\/katalog\/wp-json\/wp\/v2\/product_tag?post=54579"}],"curies":[{"name":"wp","href":"https:\/\/api.w.org\/{rel}","templated":true}]}}