{"id":54581,"date":"2025-11-26T16:15:42","date_gmt":"2025-11-26T15:15:42","guid":{"rendered":"https:\/\/www.hirtenberg-apotheke.at\/katalog\/produkt\/aerobic-oxygen-stabilisierter-sauerstoff-60ml-1-stk\/"},"modified":"2025-11-26T16:16:02","modified_gmt":"2025-11-26T15:16:02","slug":"aerobic-oxygen-stabilisierter-sauerstoff-60ml-1-stk","status":"publish","type":"product","link":"https:\/\/www.hirtenberg-apotheke.at\/katalog\/produkt\/aerobic-oxygen-stabilisierter-sauerstoff-60ml-1-stk\/","title":{"rendered":"Aerobic-Oxygen Stabilisierter Sauerstoff 60ml 1 Stk."},"content":{"rendered":"<p>Aerobic-Oxygen Stabilisierter Sauerstoff ist ein Nahrungserg\u00e4nzungsmittel zur Unterst\u00fctzung der Zellfunktion. Es ist sicher in der oralen und topischen Anwendung und zugelassen als Dopingfreies Pr\u00e4parat f\u00fcr Leistungssportler..<\/p>\n","protected":false},"excerpt":{"rendered":"<p>Aerobic-Oxygen Stabilisierter Sauerstoff ist ein Nahrungserg\u00e4nzungsmittel zur Unterst\u00fctzung der Zellfunktion. Es ist sicher in der oralen und topischen Anwendung und zugelassen als Dopingfreies Pr\u00e4parat f\u00fcr Leistungssportler..<\/p>\n","protected":false},"featured_media":54583,"template":"","meta":{"_acf_changed":false},"product_brand":[],"product_cat":[299],"product_tag":[],"class_list":{"0":"post-54581","1":"product","2":"type-product","3":"status-publish","4":"has-post-thumbnail","6":"product_cat-a","7":"pa_packungsgroesse-1-stueck","9":"first","10":"instock","11":"shipping-taxable","12":"purchasable","13":"product-type-simple"},"acf":[],"_links":{"self":[{"href":"https:\/\/www.hirtenberg-apotheke.at\/katalog\/wp-json\/wp\/v2\/product\/54581","targetHints":{"allow":["GET"]}}],"collection":[{"href":"https:\/\/www.hirtenberg-apotheke.at\/katalog\/wp-json\/wp\/v2\/product"}],"about":[{"href":"https:\/\/www.hirtenberg-apotheke.at\/katalog\/wp-json\/wp\/v2\/types\/product"}],"wp:featuredmedia":[{"embeddable":true,"href":"https:\/\/www.hirtenberg-apotheke.at\/katalog\/wp-json\/wp\/v2\/media\/54583"}],"wp:attachment":[{"href":"https:\/\/www.hirtenberg-apotheke.at\/katalog\/wp-json\/wp\/v2\/media?parent=54581"}],"wp:term":[{"taxonomy":"product_brand","embeddable":true,"href":"https:\/\/www.hirtenberg-apotheke.at\/katalog\/wp-json\/wp\/v2\/product_brand?post=54581"},{"taxonomy":"product_cat","embeddable":true,"href":"https:\/\/www.hirtenberg-apotheke.at\/katalog\/wp-json\/wp\/v2\/product_cat?post=54581"},{"taxonomy":"product_tag","embeddable":true,"href":"https:\/\/www.hirtenberg-apotheke.at\/katalog\/wp-json\/wp\/v2\/product_tag?post=54581"}],"curies":[{"name":"wp","href":"https:\/\/api.w.org\/{rel}","templated":true}]}}