{"id":54645,"date":"2025-11-26T16:17:00","date_gmt":"2025-11-26T15:17:00","guid":{"rendered":"https:\/\/www.hirtenberg-apotheke.at\/katalog\/produkt\/ren-evercalm-gentle-cleansing-gel-150-ml\/"},"modified":"2025-11-26T16:17:15","modified_gmt":"2025-11-26T15:17:15","slug":"ren-evercalm-gentle-cleansing-gel-150-ml","status":"publish","type":"product","link":"https:\/\/www.hirtenberg-apotheke.at\/katalog\/produkt\/ren-evercalm-gentle-cleansing-gel-150-ml\/","title":{"rendered":"Ren Evercalm Gentle Cleansing Gel 150 ml"},"content":{"rendered":"<p>Ren Evercalm Gentle Cleansing Gel entfernt auf wirkungsvolle Weise Make-up und Unreinheiten, ohne Reizungen oder Spannungsgef\u00fchle zu verursachen. Ideal f\u00fcr empfindliche Teints wird es die Haut beruhigen und erfrischen, um sie mit einem revitalisierten und gereinigten Gef\u00fchl zu hinterlassen.<\/p>\n","protected":false},"excerpt":{"rendered":"<p>Ren Evercalm Gentle Cleansing Gel entfernt auf wirkungsvolle Weise Make-up und Unreinheiten, ohne Reizungen oder Spannungsgef\u00fchle zu verursachen. Ideal f\u00fcr empfindliche Teints wird es die Haut beruhigen und erfrischen, um sie mit einem revitalisierten und gereinigten Gef\u00fchl zu hinterlassen.<\/p>\n","protected":false},"featured_media":0,"template":"","meta":{"_acf_changed":false},"product_brand":[],"product_cat":[311],"product_tag":[],"class_list":{"0":"post-54645","1":"product","2":"type-product","3":"status-publish","5":"product_cat-r","6":"pa_packungsgroesse-150ml","8":"first","9":"instock","10":"shipping-taxable","11":"purchasable","12":"product-type-simple"},"acf":[],"_links":{"self":[{"href":"https:\/\/www.hirtenberg-apotheke.at\/katalog\/wp-json\/wp\/v2\/product\/54645","targetHints":{"allow":["GET"]}}],"collection":[{"href":"https:\/\/www.hirtenberg-apotheke.at\/katalog\/wp-json\/wp\/v2\/product"}],"about":[{"href":"https:\/\/www.hirtenberg-apotheke.at\/katalog\/wp-json\/wp\/v2\/types\/product"}],"wp:attachment":[{"href":"https:\/\/www.hirtenberg-apotheke.at\/katalog\/wp-json\/wp\/v2\/media?parent=54645"}],"wp:term":[{"taxonomy":"product_brand","embeddable":true,"href":"https:\/\/www.hirtenberg-apotheke.at\/katalog\/wp-json\/wp\/v2\/product_brand?post=54645"},{"taxonomy":"product_cat","embeddable":true,"href":"https:\/\/www.hirtenberg-apotheke.at\/katalog\/wp-json\/wp\/v2\/product_cat?post=54645"},{"taxonomy":"product_tag","embeddable":true,"href":"https:\/\/www.hirtenberg-apotheke.at\/katalog\/wp-json\/wp\/v2\/product_tag?post=54645"}],"curies":[{"name":"wp","href":"https:\/\/api.w.org\/{rel}","templated":true}]}}