{"id":54830,"date":"2025-11-26T16:21:10","date_gmt":"2025-11-26T15:21:10","guid":{"rendered":"https:\/\/www.hirtenberg-apotheke.at\/katalog\/produkt\/kompresse-21-x-38-1-stk\/"},"modified":"2025-11-26T16:21:30","modified_gmt":"2025-11-26T15:21:30","slug":"kompresse-21-x-38-1-stk","status":"publish","type":"product","link":"https:\/\/www.hirtenberg-apotheke.at\/katalog\/produkt\/kompresse-21-x-38-1-stk\/","title":{"rendered":"Kompresse 21 x 38 1 Stk."},"content":{"rendered":"<p>Kompresse 21 x 38 besteht aus einem mit Gel gef\u00fcllten Beutel, welcher K\u00e4lte bzw. W\u00e4rme speichert. Einfach zu handhaben, besonders preiswert, belastbar sowie lang anhaltende K\u00e4lte-\/ bzw. W\u00e4rmewirkung sind nur wenige Vorteile dieses Produktes. Ideal bei Verstauchungen, Zerrungen, Schwellungen sowie Verbrennungen. Auch bei Fieber, Kopfschmerzen und Bluterg\u00fcssen ideal anwendbar.<\/p>\n","protected":false},"excerpt":{"rendered":"<p>Kompresse 21 x 38 besteht aus einem mit Gel gef\u00fcllten Beutel, welcher K\u00e4lte bzw. W\u00e4rme speichert. Einfach zu handhaben, besonders preiswert, belastbar sowie lang anhaltende K\u00e4lte-\/ bzw. W\u00e4rmewirkung sind nur wenige Vorteile dieses Produktes. Ideal bei Verstauchungen, Zerrungen, Schwellungen sowie Verbrennungen. Auch bei Fieber, Kopfschmerzen und Bluterg\u00fcssen ideal anwendbar.<\/p>\n","protected":false},"featured_media":0,"template":"","meta":{"_acf_changed":false},"product_brand":[],"product_cat":[387],"product_tag":[],"class_list":{"0":"post-54830","1":"product","2":"type-product","3":"status-publish","5":"product_cat-k","6":"pa_packungsgroesse-1-stueck","8":"first","9":"instock","10":"shipping-taxable","11":"purchasable","12":"product-type-simple"},"acf":[],"_links":{"self":[{"href":"https:\/\/www.hirtenberg-apotheke.at\/katalog\/wp-json\/wp\/v2\/product\/54830","targetHints":{"allow":["GET"]}}],"collection":[{"href":"https:\/\/www.hirtenberg-apotheke.at\/katalog\/wp-json\/wp\/v2\/product"}],"about":[{"href":"https:\/\/www.hirtenberg-apotheke.at\/katalog\/wp-json\/wp\/v2\/types\/product"}],"wp:attachment":[{"href":"https:\/\/www.hirtenberg-apotheke.at\/katalog\/wp-json\/wp\/v2\/media?parent=54830"}],"wp:term":[{"taxonomy":"product_brand","embeddable":true,"href":"https:\/\/www.hirtenberg-apotheke.at\/katalog\/wp-json\/wp\/v2\/product_brand?post=54830"},{"taxonomy":"product_cat","embeddable":true,"href":"https:\/\/www.hirtenberg-apotheke.at\/katalog\/wp-json\/wp\/v2\/product_cat?post=54830"},{"taxonomy":"product_tag","embeddable":true,"href":"https:\/\/www.hirtenberg-apotheke.at\/katalog\/wp-json\/wp\/v2\/product_tag?post=54830"}],"curies":[{"name":"wp","href":"https:\/\/api.w.org\/{rel}","templated":true}]}}