{"id":55020,"date":"2025-11-26T16:24:56","date_gmt":"2025-11-26T15:24:56","guid":{"rendered":"https:\/\/www.hirtenberg-apotheke.at\/katalog\/produkt\/dr-wolz-vitamin-d-3-plus-kapseln-60-stk\/"},"modified":"2025-11-26T16:25:32","modified_gmt":"2025-11-26T15:25:32","slug":"dr-wolz-vitamin-d-3-plus-kapseln-60-stk","status":"publish","type":"product","link":"https:\/\/www.hirtenberg-apotheke.at\/katalog\/produkt\/dr-wolz-vitamin-d-3-plus-kapseln-60-stk\/","title":{"rendered":"Dr. Wolz Vitamin D 3 Plus Kapseln 60 Stk."},"content":{"rendered":"<p>Vitamin D ist ein wahres Multitalent unter den Vitaminen: Traditionell wird es zur Unterst\u00fctzung der Knochengesundheit eingesetzt \u2013 neueste Forschungen zeigen jedoch, dass Vitamin D auch viele weitere wichtige Funktionen f\u00fcr den gesamten K\u00f6rper hat.So ist Vitamin D auch wichtig f\u00fcr Muskeln, Z\u00e4hne und das Immunsystem1. Gerade in der dunklen Jahreszeit ist es wichtig, auf eine ausreichende Vitamin-D-Versorgung zu achten. Dr. Wolz bietet hochdosiertes Vitamin D an, das f\u00fcr die ganze Familie geeignet ist und auch das Wachstum und die Knochenentwicklung bei Kindern unterst\u00fctzen kann. Bei dem Vitamin-D-1000-I.E.-Pr\u00e4parat handelt es sich um die klassisch hergestellte Variante aus dem Wollfett (Lanolin) der Schafe.Eine Kapsel pro Tag reicht aus, um den Tagesbedarf an Vitamin D zu decken.Glutenfrei und frei von Lactose, Gelatine und Farbstoffen..<\/p>\n","protected":false},"excerpt":{"rendered":"<p>Vitamin D ist ein wahres Multitalent unter den Vitaminen: Traditionell wird es zur Unterst\u00fctzung der Knochengesundheit eingesetzt \u2013 neueste Forschungen zeigen jedoch, dass Vitamin D auch viele weitere wichtige Funktionen f\u00fcr den gesamten K\u00f6rper hat.So ist Vitamin D auch wichtig f\u00fcr Muskeln, Z\u00e4hne und das Immunsystem1. Gerade in der dunklen Jahreszeit ist es wichtig, auf [&hellip;]<\/p>\n","protected":false},"featured_media":55022,"template":"","meta":{"_acf_changed":false},"product_brand":[],"product_cat":[295],"product_tag":[],"class_list":{"0":"post-55020","1":"product","2":"type-product","3":"status-publish","4":"has-post-thumbnail","6":"product_cat-d","7":"pa_packungsgroesse-60-stueck","9":"first","10":"instock","11":"shipping-taxable","12":"purchasable","13":"product-type-simple"},"acf":[],"_links":{"self":[{"href":"https:\/\/www.hirtenberg-apotheke.at\/katalog\/wp-json\/wp\/v2\/product\/55020","targetHints":{"allow":["GET"]}}],"collection":[{"href":"https:\/\/www.hirtenberg-apotheke.at\/katalog\/wp-json\/wp\/v2\/product"}],"about":[{"href":"https:\/\/www.hirtenberg-apotheke.at\/katalog\/wp-json\/wp\/v2\/types\/product"}],"wp:featuredmedia":[{"embeddable":true,"href":"https:\/\/www.hirtenberg-apotheke.at\/katalog\/wp-json\/wp\/v2\/media\/55022"}],"wp:attachment":[{"href":"https:\/\/www.hirtenberg-apotheke.at\/katalog\/wp-json\/wp\/v2\/media?parent=55020"}],"wp:term":[{"taxonomy":"product_brand","embeddable":true,"href":"https:\/\/www.hirtenberg-apotheke.at\/katalog\/wp-json\/wp\/v2\/product_brand?post=55020"},{"taxonomy":"product_cat","embeddable":true,"href":"https:\/\/www.hirtenberg-apotheke.at\/katalog\/wp-json\/wp\/v2\/product_cat?post=55020"},{"taxonomy":"product_tag","embeddable":true,"href":"https:\/\/www.hirtenberg-apotheke.at\/katalog\/wp-json\/wp\/v2\/product_tag?post=55020"}],"curies":[{"name":"wp","href":"https:\/\/api.w.org\/{rel}","templated":true}]}}