{"id":55097,"date":"2025-11-26T16:26:50","date_gmt":"2025-11-26T15:26:50","guid":{"rendered":"https:\/\/www.hirtenberg-apotheke.at\/katalog\/produkt\/bioderma-sensibio-mask-75-ml\/"},"modified":"2025-11-26T16:27:15","modified_gmt":"2025-11-26T15:27:15","slug":"bioderma-sensibio-mask-75-ml","status":"publish","type":"product","link":"https:\/\/www.hirtenberg-apotheke.at\/katalog\/produkt\/bioderma-sensibio-mask-75-ml\/","title":{"rendered":"Bioderma Sensibio Mask 75 ml"},"content":{"rendered":"<p>Bioderma Sensibio Mask 75 ml zur Beruhigung bei empfindlicher und hyperreaktiver Haut. Auch bei Hitzestau, Couperose sowie Sonnen- und Rasurbrand. SOS-Pflege bei akutem Lidekzem. Nimmt sofort Spannungsgef\u00fchle und wirkt k\u00fchlend. F\u00fcr Gesicht und Augenpartie.<\/p>\n","protected":false},"excerpt":{"rendered":"<p>Bioderma Sensibio Mask 75 ml zur Beruhigung bei empfindlicher und hyperreaktiver Haut. Auch bei Hitzestau, Couperose sowie Sonnen- und Rasurbrand. SOS-Pflege bei akutem Lidekzem. Nimmt sofort Spannungsgef\u00fchle und wirkt k\u00fchlend. F\u00fcr Gesicht und Augenpartie.<\/p>\n","protected":false},"featured_media":55099,"template":"","meta":{"_acf_changed":false},"product_brand":[675],"product_cat":[292],"product_tag":[],"class_list":{"0":"post-55097","1":"product","2":"type-product","3":"status-publish","4":"has-post-thumbnail","6":"product_brand-bioderma","7":"product_cat-b","8":"pa_packungsgroesse-75ml","10":"first","11":"instock","12":"shipping-taxable","13":"purchasable","14":"product-type-simple"},"acf":[],"_links":{"self":[{"href":"https:\/\/www.hirtenberg-apotheke.at\/katalog\/wp-json\/wp\/v2\/product\/55097","targetHints":{"allow":["GET"]}}],"collection":[{"href":"https:\/\/www.hirtenberg-apotheke.at\/katalog\/wp-json\/wp\/v2\/product"}],"about":[{"href":"https:\/\/www.hirtenberg-apotheke.at\/katalog\/wp-json\/wp\/v2\/types\/product"}],"wp:featuredmedia":[{"embeddable":true,"href":"https:\/\/www.hirtenberg-apotheke.at\/katalog\/wp-json\/wp\/v2\/media\/55099"}],"wp:attachment":[{"href":"https:\/\/www.hirtenberg-apotheke.at\/katalog\/wp-json\/wp\/v2\/media?parent=55097"}],"wp:term":[{"taxonomy":"product_brand","embeddable":true,"href":"https:\/\/www.hirtenberg-apotheke.at\/katalog\/wp-json\/wp\/v2\/product_brand?post=55097"},{"taxonomy":"product_cat","embeddable":true,"href":"https:\/\/www.hirtenberg-apotheke.at\/katalog\/wp-json\/wp\/v2\/product_cat?post=55097"},{"taxonomy":"product_tag","embeddable":true,"href":"https:\/\/www.hirtenberg-apotheke.at\/katalog\/wp-json\/wp\/v2\/product_tag?post=55097"}],"curies":[{"name":"wp","href":"https:\/\/api.w.org\/{rel}","templated":true}]}}