{"id":55122,"date":"2025-11-26T16:27:26","date_gmt":"2025-11-26T15:27:26","guid":{"rendered":"https:\/\/www.hirtenberg-apotheke.at\/katalog\/produkt\/madara-hemp-hemp-lippenbalsam-15-ml\/"},"modified":"2025-11-26T16:27:49","modified_gmt":"2025-11-26T15:27:49","slug":"madara-hemp-hemp-lippenbalsam-15-ml","status":"publish","type":"product","link":"https:\/\/www.hirtenberg-apotheke.at\/katalog\/produkt\/madara-hemp-hemp-lippenbalsam-15-ml\/","title":{"rendered":"Madara Hemp Hemp Lippenbalsam 15 ml"},"content":{"rendered":"<p>Madara Hemp Hemp Lippenbalsam sorgt f\u00fcr verf\u00fchrerisch weiche Lippen. Konditionierendes Hanf\u00f6l versorgt Ihre Lippen mit Feuchtigkeit und macht Sie samtweich und geschmeidig. So sind Sie und Ihre Lippen perfekt f\u00fcr jede Gelegenheit vorbereitet.<\/p>\n","protected":false},"excerpt":{"rendered":"<p>Madara Hemp Hemp Lippenbalsam sorgt f\u00fcr verf\u00fchrerisch weiche Lippen. Konditionierendes Hanf\u00f6l versorgt Ihre Lippen mit Feuchtigkeit und macht Sie samtweich und geschmeidig. So sind Sie und Ihre Lippen perfekt f\u00fcr jede Gelegenheit vorbereitet.<\/p>\n","protected":false},"featured_media":55124,"template":"","meta":{"_acf_changed":false},"product_brand":[1240],"product_cat":[308],"product_tag":[],"class_list":{"0":"post-55122","1":"product","2":"type-product","3":"status-publish","4":"has-post-thumbnail","6":"product_brand-madara","7":"product_cat-m","8":"pa_packungsgroesse-15ml","10":"first","11":"instock","12":"shipping-taxable","13":"purchasable","14":"product-type-simple"},"acf":[],"_links":{"self":[{"href":"https:\/\/www.hirtenberg-apotheke.at\/katalog\/wp-json\/wp\/v2\/product\/55122","targetHints":{"allow":["GET"]}}],"collection":[{"href":"https:\/\/www.hirtenberg-apotheke.at\/katalog\/wp-json\/wp\/v2\/product"}],"about":[{"href":"https:\/\/www.hirtenberg-apotheke.at\/katalog\/wp-json\/wp\/v2\/types\/product"}],"wp:featuredmedia":[{"embeddable":true,"href":"https:\/\/www.hirtenberg-apotheke.at\/katalog\/wp-json\/wp\/v2\/media\/55124"}],"wp:attachment":[{"href":"https:\/\/www.hirtenberg-apotheke.at\/katalog\/wp-json\/wp\/v2\/media?parent=55122"}],"wp:term":[{"taxonomy":"product_brand","embeddable":true,"href":"https:\/\/www.hirtenberg-apotheke.at\/katalog\/wp-json\/wp\/v2\/product_brand?post=55122"},{"taxonomy":"product_cat","embeddable":true,"href":"https:\/\/www.hirtenberg-apotheke.at\/katalog\/wp-json\/wp\/v2\/product_cat?post=55122"},{"taxonomy":"product_tag","embeddable":true,"href":"https:\/\/www.hirtenberg-apotheke.at\/katalog\/wp-json\/wp\/v2\/product_tag?post=55122"}],"curies":[{"name":"wp","href":"https:\/\/api.w.org\/{rel}","templated":true}]}}