{"id":55177,"date":"2025-11-26T16:28:36","date_gmt":"2025-11-26T15:28:36","guid":{"rendered":"https:\/\/www.hirtenberg-apotheke.at\/katalog\/produkt\/ren-clearcalm-clarifying-clay-cleanser-150-ml\/"},"modified":"2025-11-26T16:28:40","modified_gmt":"2025-11-26T15:28:40","slug":"ren-clearcalm-clarifying-clay-cleanser-150-ml","status":"publish","type":"product","link":"https:\/\/www.hirtenberg-apotheke.at\/katalog\/produkt\/ren-clearcalm-clarifying-clay-cleanser-150-ml\/","title":{"rendered":"Ren Clearcalm Clarifying Clay Cleanser 150 ml"},"content":{"rendered":"<p>Wiedereinf\u00fchrung des von Fans bevorzugten Clearcalm Clarifying Clay Cleanser, jetzt in recycelten Post-Consumer-Verpackungen gem\u00e4\u00df unserer &#8222;Zero Waste bis 2021&#8220; Versprechens. Mit einer reichhaltigen Kaolin-Tonerde-Basis entfernt dieses nicht sch\u00e4umende Reinigungsmittel Verunreinigungen und \u00fcbersch\u00fcssiges Fett, w\u00e4hrend die Reinigung des Weidenrindenextrakts dazu beitr\u00e4gt, das Erscheinungsbild der Poren zu minimieren und gleichzeitig die Haut von Umweltverschmutzung und t\u00e4glichen, durch Hautunreinheiten verursachten Schmutzansammlungen zu befreien. Dieser nicht trocknende Reiniger bek\u00e4mpft aktiv Hautunreinheiten sanft und ohne R\u00f6tung &#8211; ideal f\u00fcr jugendliche oder empfindliche Hauttypen.<\/p>\n","protected":false},"excerpt":{"rendered":"<p>Wiedereinf\u00fchrung des von Fans bevorzugten Clearcalm Clarifying Clay Cleanser, jetzt in recycelten Post-Consumer-Verpackungen gem\u00e4\u00df unserer &#8222;Zero Waste bis 2021&#8220; Versprechens. Mit einer reichhaltigen Kaolin-Tonerde-Basis entfernt dieses nicht sch\u00e4umende Reinigungsmittel Verunreinigungen und \u00fcbersch\u00fcssiges Fett, w\u00e4hrend die Reinigung des Weidenrindenextrakts dazu beitr\u00e4gt, das Erscheinungsbild der Poren zu minimieren und gleichzeitig die Haut von Umweltverschmutzung und t\u00e4glichen, durch [&hellip;]<\/p>\n","protected":false},"featured_media":0,"template":"","meta":{"_acf_changed":false},"product_brand":[],"product_cat":[311],"product_tag":[],"class_list":{"0":"post-55177","1":"product","2":"type-product","3":"status-publish","5":"product_cat-r","6":"pa_packungsgroesse-150ml","8":"first","9":"instock","10":"shipping-taxable","11":"purchasable","12":"product-type-simple"},"acf":[],"_links":{"self":[{"href":"https:\/\/www.hirtenberg-apotheke.at\/katalog\/wp-json\/wp\/v2\/product\/55177","targetHints":{"allow":["GET"]}}],"collection":[{"href":"https:\/\/www.hirtenberg-apotheke.at\/katalog\/wp-json\/wp\/v2\/product"}],"about":[{"href":"https:\/\/www.hirtenberg-apotheke.at\/katalog\/wp-json\/wp\/v2\/types\/product"}],"wp:attachment":[{"href":"https:\/\/www.hirtenberg-apotheke.at\/katalog\/wp-json\/wp\/v2\/media?parent=55177"}],"wp:term":[{"taxonomy":"product_brand","embeddable":true,"href":"https:\/\/www.hirtenberg-apotheke.at\/katalog\/wp-json\/wp\/v2\/product_brand?post=55177"},{"taxonomy":"product_cat","embeddable":true,"href":"https:\/\/www.hirtenberg-apotheke.at\/katalog\/wp-json\/wp\/v2\/product_cat?post=55177"},{"taxonomy":"product_tag","embeddable":true,"href":"https:\/\/www.hirtenberg-apotheke.at\/katalog\/wp-json\/wp\/v2\/product_tag?post=55177"}],"curies":[{"name":"wp","href":"https:\/\/api.w.org\/{rel}","templated":true}]}}