{"id":55193,"date":"2025-11-26T16:28:36","date_gmt":"2025-11-26T15:28:36","guid":{"rendered":"https:\/\/www.hirtenberg-apotheke.at\/katalog\/produkt\/johanniskraut-oel-apofit-1000-ml\/"},"modified":"2025-11-26T16:28:48","modified_gmt":"2025-11-26T15:28:48","slug":"johanniskraut-oel-apofit-1000-ml","status":"publish","type":"product","link":"https:\/\/www.hirtenberg-apotheke.at\/katalog\/produkt\/johanniskraut-oel-apofit-1000-ml\/","title":{"rendered":"Johanniskraut \u00d6l Apofit 1000 ml"},"content":{"rendered":"<p>Johanniskraut\u00f6l Apofit ist vor allem f\u00fcr die Haut ein unsch\u00e4tzbarer Helfer. Auch im gesamten Bewegungsapparat und Verspannungen in der Muskulatur wirkt Johanniskraut\u00f6l wohltuend. Nach Operationen kann es die Narbenbildung unterst\u00fctzen.<\/p>\n","protected":false},"excerpt":{"rendered":"<p>Johanniskraut\u00f6l Apofit ist vor allem f\u00fcr die Haut ein unsch\u00e4tzbarer Helfer. Auch im gesamten Bewegungsapparat und Verspannungen in der Muskulatur wirkt Johanniskraut\u00f6l wohltuend. Nach Operationen kann es die Narbenbildung unterst\u00fctzen.<\/p>\n","protected":false},"featured_media":0,"template":"","meta":{"_acf_changed":false},"product_brand":[571],"product_cat":[335],"product_tag":[],"class_list":{"0":"post-55193","1":"product","2":"type-product","3":"status-publish","5":"product_brand-apofit","6":"product_cat-j","7":"pa_packungsgroesse-1l","9":"first","10":"instock","11":"shipping-taxable","12":"purchasable","13":"product-type-simple"},"acf":[],"_links":{"self":[{"href":"https:\/\/www.hirtenberg-apotheke.at\/katalog\/wp-json\/wp\/v2\/product\/55193","targetHints":{"allow":["GET"]}}],"collection":[{"href":"https:\/\/www.hirtenberg-apotheke.at\/katalog\/wp-json\/wp\/v2\/product"}],"about":[{"href":"https:\/\/www.hirtenberg-apotheke.at\/katalog\/wp-json\/wp\/v2\/types\/product"}],"wp:attachment":[{"href":"https:\/\/www.hirtenberg-apotheke.at\/katalog\/wp-json\/wp\/v2\/media?parent=55193"}],"wp:term":[{"taxonomy":"product_brand","embeddable":true,"href":"https:\/\/www.hirtenberg-apotheke.at\/katalog\/wp-json\/wp\/v2\/product_brand?post=55193"},{"taxonomy":"product_cat","embeddable":true,"href":"https:\/\/www.hirtenberg-apotheke.at\/katalog\/wp-json\/wp\/v2\/product_cat?post=55193"},{"taxonomy":"product_tag","embeddable":true,"href":"https:\/\/www.hirtenberg-apotheke.at\/katalog\/wp-json\/wp\/v2\/product_tag?post=55193"}],"curies":[{"name":"wp","href":"https:\/\/api.w.org\/{rel}","templated":true}]}}