{"id":55199,"date":"2025-11-26T16:28:54","date_gmt":"2025-11-26T15:28:54","guid":{"rendered":"https:\/\/www.hirtenberg-apotheke.at\/katalog\/produkt\/twardy-magnesium-mit-calcium-tabletten-60-stk\/"},"modified":"2025-11-26T16:29:00","modified_gmt":"2025-11-26T15:29:00","slug":"twardy-magnesium-mit-calcium-tabletten-60-stk","status":"publish","type":"product","link":"https:\/\/www.hirtenberg-apotheke.at\/katalog\/produkt\/twardy-magnesium-mit-calcium-tabletten-60-stk\/","title":{"rendered":"Twardy Magnesium mit Calcium Tabletten 60 Stk."},"content":{"rendered":"<p>Twardy Magnesium mit Calcium Tabletten f\u00fchren dem K\u00f6rper die wertvollen Mineralstoffe Calcium und Magnesium zu. Sie machen unter den Mineralstoffen mengenm\u00e4\u00dfig den gr\u00f6\u00dften Anteil im K\u00f6rper aus.<\/p>\n","protected":false},"excerpt":{"rendered":"<p>Twardy Magnesium mit Calcium Tabletten f\u00fchren dem K\u00f6rper die wertvollen Mineralstoffe Calcium und Magnesium zu. Sie machen unter den Mineralstoffen mengenm\u00e4\u00dfig den gr\u00f6\u00dften Anteil im K\u00f6rper aus.<\/p>\n","protected":false},"featured_media":55201,"template":"","meta":{"_acf_changed":false},"product_brand":[490],"product_cat":[319],"product_tag":[],"class_list":{"0":"post-55199","1":"product","2":"type-product","3":"status-publish","4":"has-post-thumbnail","6":"product_brand-twardy","7":"product_cat-t","8":"pa_packungsgroesse-60-stueck","10":"first","11":"instock","12":"shipping-taxable","13":"purchasable","14":"product-type-simple"},"acf":[],"_links":{"self":[{"href":"https:\/\/www.hirtenberg-apotheke.at\/katalog\/wp-json\/wp\/v2\/product\/55199","targetHints":{"allow":["GET"]}}],"collection":[{"href":"https:\/\/www.hirtenberg-apotheke.at\/katalog\/wp-json\/wp\/v2\/product"}],"about":[{"href":"https:\/\/www.hirtenberg-apotheke.at\/katalog\/wp-json\/wp\/v2\/types\/product"}],"wp:featuredmedia":[{"embeddable":true,"href":"https:\/\/www.hirtenberg-apotheke.at\/katalog\/wp-json\/wp\/v2\/media\/55201"}],"wp:attachment":[{"href":"https:\/\/www.hirtenberg-apotheke.at\/katalog\/wp-json\/wp\/v2\/media?parent=55199"}],"wp:term":[{"taxonomy":"product_brand","embeddable":true,"href":"https:\/\/www.hirtenberg-apotheke.at\/katalog\/wp-json\/wp\/v2\/product_brand?post=55199"},{"taxonomy":"product_cat","embeddable":true,"href":"https:\/\/www.hirtenberg-apotheke.at\/katalog\/wp-json\/wp\/v2\/product_cat?post=55199"},{"taxonomy":"product_tag","embeddable":true,"href":"https:\/\/www.hirtenberg-apotheke.at\/katalog\/wp-json\/wp\/v2\/product_tag?post=55199"}],"curies":[{"name":"wp","href":"https:\/\/api.w.org\/{rel}","templated":true}]}}