{"id":55264,"date":"2025-11-26T16:30:00","date_gmt":"2025-11-26T15:30:00","guid":{"rendered":"https:\/\/www.hirtenberg-apotheke.at\/katalog\/produkt\/madara-time-miracle-total-renewal-50-ml-nachtcreme\/"},"modified":"2025-11-26T16:30:11","modified_gmt":"2025-11-26T15:30:11","slug":"madara-time-miracle-total-renewal-50-ml-nachtcreme","status":"publish","type":"product","link":"https:\/\/www.hirtenberg-apotheke.at\/katalog\/produkt\/madara-time-miracle-total-renewal-50-ml-nachtcreme\/","title":{"rendered":"Madara Time Miracle Total Renewal 50 ml Nachtcreme"},"content":{"rendered":"<p>Madara Time Miracle Total Renewal Nachtcreme ist eine reichhaltige Feuchtigkeitscreme. Sie zieht schnell ein, pflegt \u00fcber Nacht und macht die Haut sofort weich, n\u00e4hrt sie und spendet Feuchtigkeit. Sie unterst\u00fctzt die Regeneration von Hautkollagen sowie Elastinfasern w\u00e4hrend der Nacht und aktiviert den Zellerneuerungsprozess f\u00fcr eine weichere, erholtere und strahlendere Haut \u2013 jetzt Produkte von Madara mit hohem Rabatt bestellen!<\/p>\n","protected":false},"excerpt":{"rendered":"<p>Madara Time Miracle Total Renewal Nachtcreme ist eine reichhaltige Feuchtigkeitscreme. Sie zieht schnell ein, pflegt \u00fcber Nacht und macht die Haut sofort weich, n\u00e4hrt sie und spendet Feuchtigkeit. Sie unterst\u00fctzt die Regeneration von Hautkollagen sowie Elastinfasern w\u00e4hrend der Nacht und aktiviert den Zellerneuerungsprozess f\u00fcr eine weichere, erholtere und strahlendere Haut \u2013 jetzt Produkte von Madara [&hellip;]<\/p>\n","protected":false},"featured_media":55266,"template":"","meta":{"_acf_changed":false},"product_brand":[1240],"product_cat":[308],"product_tag":[],"class_list":{"0":"post-55264","1":"product","2":"type-product","3":"status-publish","4":"has-post-thumbnail","6":"product_brand-madara","7":"product_cat-m","8":"pa_packungsgroesse-50ml","10":"first","11":"instock","12":"shipping-taxable","13":"purchasable","14":"product-type-simple"},"acf":[],"_links":{"self":[{"href":"https:\/\/www.hirtenberg-apotheke.at\/katalog\/wp-json\/wp\/v2\/product\/55264","targetHints":{"allow":["GET"]}}],"collection":[{"href":"https:\/\/www.hirtenberg-apotheke.at\/katalog\/wp-json\/wp\/v2\/product"}],"about":[{"href":"https:\/\/www.hirtenberg-apotheke.at\/katalog\/wp-json\/wp\/v2\/types\/product"}],"wp:featuredmedia":[{"embeddable":true,"href":"https:\/\/www.hirtenberg-apotheke.at\/katalog\/wp-json\/wp\/v2\/media\/55266"}],"wp:attachment":[{"href":"https:\/\/www.hirtenberg-apotheke.at\/katalog\/wp-json\/wp\/v2\/media?parent=55264"}],"wp:term":[{"taxonomy":"product_brand","embeddable":true,"href":"https:\/\/www.hirtenberg-apotheke.at\/katalog\/wp-json\/wp\/v2\/product_brand?post=55264"},{"taxonomy":"product_cat","embeddable":true,"href":"https:\/\/www.hirtenberg-apotheke.at\/katalog\/wp-json\/wp\/v2\/product_cat?post=55264"},{"taxonomy":"product_tag","embeddable":true,"href":"https:\/\/www.hirtenberg-apotheke.at\/katalog\/wp-json\/wp\/v2\/product_tag?post=55264"}],"curies":[{"name":"wp","href":"https:\/\/api.w.org\/{rel}","templated":true}]}}