{"id":55315,"date":"2025-11-26T16:30:48","date_gmt":"2025-11-26T15:30:48","guid":{"rendered":"https:\/\/www.hirtenberg-apotheke.at\/katalog\/produkt\/seewald-kraeuterelixier-drei-koenigstropfen-50-ml\/"},"modified":"2025-11-26T16:31:09","modified_gmt":"2025-11-26T15:31:09","slug":"seewald-kraeuterelixier-drei-koenigstropfen-50-ml","status":"publish","type":"product","link":"https:\/\/www.hirtenberg-apotheke.at\/katalog\/produkt\/seewald-kraeuterelixier-drei-koenigstropfen-50-ml\/","title":{"rendered":"SEEWALD Kr\u00e4uterelixier Drei-K\u00f6nigstropfen 50 ml"},"content":{"rendered":"<p>SEEWALD Kr\u00e4uterelixier Drei-K\u00f6nigstropfen ist ein Nahrungserg\u00e4nzungsmittel, dessen Zubereitung nach alter Klostertradition erfolgt. Verwendet wurde dabei die wertvollen Gaben der Heiligen Drei K\u00f6nige Weihrauch, Myrrhe und Gold, die den Menschen auf dem umfassenden Weg an K\u00f6rper, Geist und Seele unterst\u00fctzen sollen. W\u00e4hrend man Weihrauch und Myrrhe erhellende und erw\u00e4rmende Eigenschaften nachsagt, steht Gold f\u00fcr Vitalit\u00e4t und Lebenskraft.<\/p>\n","protected":false},"excerpt":{"rendered":"<p>SEEWALD Kr\u00e4uterelixier Drei-K\u00f6nigstropfen ist ein Nahrungserg\u00e4nzungsmittel, dessen Zubereitung nach alter Klostertradition erfolgt. Verwendet wurde dabei die wertvollen Gaben der Heiligen Drei K\u00f6nige Weihrauch, Myrrhe und Gold, die den Menschen auf dem umfassenden Weg an K\u00f6rper, Geist und Seele unterst\u00fctzen sollen. W\u00e4hrend man Weihrauch und Myrrhe erhellende und erw\u00e4rmende Eigenschaften nachsagt, steht Gold f\u00fcr Vitalit\u00e4t und [&hellip;]<\/p>\n","protected":false},"featured_media":0,"template":"","meta":{"_acf_changed":false},"product_brand":[1057],"product_cat":[303],"product_tag":[],"class_list":{"0":"post-55315","1":"product","2":"type-product","3":"status-publish","5":"product_brand-seewald","6":"product_cat-s","7":"pa_packungsgroesse-50ml","9":"first","10":"instock","11":"shipping-taxable","12":"purchasable","13":"product-type-simple"},"acf":[],"_links":{"self":[{"href":"https:\/\/www.hirtenberg-apotheke.at\/katalog\/wp-json\/wp\/v2\/product\/55315","targetHints":{"allow":["GET"]}}],"collection":[{"href":"https:\/\/www.hirtenberg-apotheke.at\/katalog\/wp-json\/wp\/v2\/product"}],"about":[{"href":"https:\/\/www.hirtenberg-apotheke.at\/katalog\/wp-json\/wp\/v2\/types\/product"}],"wp:attachment":[{"href":"https:\/\/www.hirtenberg-apotheke.at\/katalog\/wp-json\/wp\/v2\/media?parent=55315"}],"wp:term":[{"taxonomy":"product_brand","embeddable":true,"href":"https:\/\/www.hirtenberg-apotheke.at\/katalog\/wp-json\/wp\/v2\/product_brand?post=55315"},{"taxonomy":"product_cat","embeddable":true,"href":"https:\/\/www.hirtenberg-apotheke.at\/katalog\/wp-json\/wp\/v2\/product_cat?post=55315"},{"taxonomy":"product_tag","embeddable":true,"href":"https:\/\/www.hirtenberg-apotheke.at\/katalog\/wp-json\/wp\/v2\/product_tag?post=55315"}],"curies":[{"name":"wp","href":"https:\/\/api.w.org\/{rel}","templated":true}]}}