{"id":55376,"date":"2025-11-26T16:31:49","date_gmt":"2025-11-26T15:31:49","guid":{"rendered":"https:\/\/www.hirtenberg-apotheke.at\/katalog\/produkt\/hygiene-beutel-papier-100-stk\/"},"modified":"2025-11-26T16:32:18","modified_gmt":"2025-11-26T15:32:18","slug":"hygiene-beutel-papier-100-stk","status":"publish","type":"product","link":"https:\/\/www.hirtenberg-apotheke.at\/katalog\/produkt\/hygiene-beutel-papier-100-stk\/","title":{"rendered":"Hygiene Beutel Papier 100 Stk."},"content":{"rendered":"<p>Hygiene Beutel Papier kommen auf Damentoiletten zum Einsatz. Diese preiswerten Papier-Hygienebeutel und Hygienebags sind von der Gr\u00f6\u00dfe her passend f\u00fcr verschiedene Hygienebeutelspender und Hygienebagspender.<\/p>\n","protected":false},"excerpt":{"rendered":"<p>Hygiene Beutel Papier kommen auf Damentoiletten zum Einsatz. Diese preiswerten Papier-Hygienebeutel und Hygienebags sind von der Gr\u00f6\u00dfe her passend f\u00fcr verschiedene Hygienebeutelspender und Hygienebagspender.<\/p>\n","protected":false},"featured_media":0,"template":"","meta":{"_acf_changed":false},"product_brand":[],"product_cat":[330],"product_tag":[],"class_list":{"0":"post-55376","1":"product","2":"type-product","3":"status-publish","5":"product_cat-h","6":"pa_packungsgroesse-100-beutel","8":"first","9":"instock","10":"shipping-taxable","11":"purchasable","12":"product-type-simple"},"acf":[],"_links":{"self":[{"href":"https:\/\/www.hirtenberg-apotheke.at\/katalog\/wp-json\/wp\/v2\/product\/55376","targetHints":{"allow":["GET"]}}],"collection":[{"href":"https:\/\/www.hirtenberg-apotheke.at\/katalog\/wp-json\/wp\/v2\/product"}],"about":[{"href":"https:\/\/www.hirtenberg-apotheke.at\/katalog\/wp-json\/wp\/v2\/types\/product"}],"wp:attachment":[{"href":"https:\/\/www.hirtenberg-apotheke.at\/katalog\/wp-json\/wp\/v2\/media?parent=55376"}],"wp:term":[{"taxonomy":"product_brand","embeddable":true,"href":"https:\/\/www.hirtenberg-apotheke.at\/katalog\/wp-json\/wp\/v2\/product_brand?post=55376"},{"taxonomy":"product_cat","embeddable":true,"href":"https:\/\/www.hirtenberg-apotheke.at\/katalog\/wp-json\/wp\/v2\/product_cat?post=55376"},{"taxonomy":"product_tag","embeddable":true,"href":"https:\/\/www.hirtenberg-apotheke.at\/katalog\/wp-json\/wp\/v2\/product_tag?post=55376"}],"curies":[{"name":"wp","href":"https:\/\/api.w.org\/{rel}","templated":true}]}}