{"id":55407,"date":"2025-11-26T16:32:32","date_gmt":"2025-11-26T15:32:32","guid":{"rendered":"https:\/\/www.hirtenberg-apotheke.at\/katalog\/produkt\/kneipp-fuss-intensiv-salbe-anti-hornhaut-50-ml\/"},"modified":"2025-11-26T16:33:08","modified_gmt":"2025-11-26T15:33:08","slug":"kneipp-fuss-intensiv-salbe-anti-hornhaut-50-ml","status":"publish","type":"product","link":"https:\/\/www.hirtenberg-apotheke.at\/katalog\/produkt\/kneipp-fuss-intensiv-salbe-anti-hornhaut-50-ml\/","title":{"rendered":"Kneipp Fu\u00df-Intensiv-Salbe Anti Hornhaut 50 ml"},"content":{"rendered":"<p>Kneipp Fu\u00df-Intensiv-Salbe Anti Hornhaut 50 ml pflegt ab dem 1. Tag mit einer Kombination hochwertiger Inhaltsstoffe: hornhautreduzierende 25% Urea, regenerierender Calendula-Extrakt und pflegendes Jojoba\u00f6l, hautberuhigendes und feuchtigkeitsspendendes Panthenol, zellsch\u00fctzendes Hautvitamin E. Raue und rissige Haut wird wieder weich und geschmeidig. Der zitrische Duft mit nat\u00fcrlichem, \u00e4therischem Orangen\u00f6l erfrischt und wirkt desodorierend. Fu\u00dfpilz wird vorgebeugt! Calendula-Extrakt eignet sich besonders f\u00fcr die regenerierende und wohltuende Pflege empfindlicher und beanspruchter Hautpartien. \u00c4therisches Orangen\u00f6l vitalisiert durch seine spritzigfrische Note<\/p>\n","protected":false},"excerpt":{"rendered":"<p>Kneipp Fu\u00df-Intensiv-Salbe Anti Hornhaut 50 ml pflegt ab dem 1. Tag mit einer Kombination hochwertiger Inhaltsstoffe: hornhautreduzierende 25% Urea, regenerierender Calendula-Extrakt und pflegendes Jojoba\u00f6l, hautberuhigendes und feuchtigkeitsspendendes Panthenol, zellsch\u00fctzendes Hautvitamin E. Raue und rissige Haut wird wieder weich und geschmeidig. Der zitrische Duft mit nat\u00fcrlichem, \u00e4therischem Orangen\u00f6l erfrischt und wirkt desodorierend. Fu\u00dfpilz wird vorgebeugt! Calendula-Extrakt [&hellip;]<\/p>\n","protected":false},"featured_media":55409,"template":"","meta":{"_acf_changed":false},"product_brand":[680],"product_cat":[387],"product_tag":[],"class_list":{"0":"post-55407","1":"product","2":"type-product","3":"status-publish","4":"has-post-thumbnail","6":"product_brand-kneipp","7":"product_cat-k","8":"pa_packungsgroesse-50ml","10":"first","11":"instock","12":"shipping-taxable","13":"purchasable","14":"product-type-simple"},"acf":[],"_links":{"self":[{"href":"https:\/\/www.hirtenberg-apotheke.at\/katalog\/wp-json\/wp\/v2\/product\/55407","targetHints":{"allow":["GET"]}}],"collection":[{"href":"https:\/\/www.hirtenberg-apotheke.at\/katalog\/wp-json\/wp\/v2\/product"}],"about":[{"href":"https:\/\/www.hirtenberg-apotheke.at\/katalog\/wp-json\/wp\/v2\/types\/product"}],"wp:featuredmedia":[{"embeddable":true,"href":"https:\/\/www.hirtenberg-apotheke.at\/katalog\/wp-json\/wp\/v2\/media\/55409"}],"wp:attachment":[{"href":"https:\/\/www.hirtenberg-apotheke.at\/katalog\/wp-json\/wp\/v2\/media?parent=55407"}],"wp:term":[{"taxonomy":"product_brand","embeddable":true,"href":"https:\/\/www.hirtenberg-apotheke.at\/katalog\/wp-json\/wp\/v2\/product_brand?post=55407"},{"taxonomy":"product_cat","embeddable":true,"href":"https:\/\/www.hirtenberg-apotheke.at\/katalog\/wp-json\/wp\/v2\/product_cat?post=55407"},{"taxonomy":"product_tag","embeddable":true,"href":"https:\/\/www.hirtenberg-apotheke.at\/katalog\/wp-json\/wp\/v2\/product_tag?post=55407"}],"curies":[{"name":"wp","href":"https:\/\/api.w.org\/{rel}","templated":true}]}}