{"id":55556,"date":"2025-11-26T16:36:13","date_gmt":"2025-11-26T15:36:13","guid":{"rendered":"https:\/\/www.hirtenberg-apotheke.at\/katalog\/produkt\/nuxe-nuxuriance-ultra-fluid-50-ml\/"},"modified":"2025-11-26T16:36:20","modified_gmt":"2025-11-26T15:36:20","slug":"nuxe-nuxuriance-ultra-fluid-50-ml","status":"publish","type":"product","link":"https:\/\/www.hirtenberg-apotheke.at\/katalog\/produkt\/nuxe-nuxuriance-ultra-fluid-50-ml\/","title":{"rendered":"Nuxe Nuxuriance Ultra Fluid 50 ml"},"content":{"rendered":"<p>Nuxe Nuxuriance Ultra Fluid regeneriert die Haut, polstert sie auf und sorgt f\u00fcr ein klarer definiertes Gesichtsoval. Die Haut erscheint j\u00fcnger, glatter und fester, wie aufgepolstert. Die nat\u00fcrliche Leuchtkraft ist neu aktiviert und die Gesichtsz\u00fcge erscheinen straffer.<\/p>\n","protected":false},"excerpt":{"rendered":"<p>Nuxe Nuxuriance Ultra Fluid regeneriert die Haut, polstert sie auf und sorgt f\u00fcr ein klarer definiertes Gesichtsoval. Die Haut erscheint j\u00fcnger, glatter und fester, wie aufgepolstert. Die nat\u00fcrliche Leuchtkraft ist neu aktiviert und die Gesichtsz\u00fcge erscheinen straffer.<\/p>\n","protected":false},"featured_media":55558,"template":"","meta":{"_acf_changed":false},"product_brand":[],"product_cat":[310],"product_tag":[],"class_list":{"0":"post-55556","1":"product","2":"type-product","3":"status-publish","4":"has-post-thumbnail","6":"product_cat-n","7":"pa_packungsgroesse-50ml","9":"first","10":"instock","11":"shipping-taxable","12":"purchasable","13":"product-type-simple"},"acf":[],"_links":{"self":[{"href":"https:\/\/www.hirtenberg-apotheke.at\/katalog\/wp-json\/wp\/v2\/product\/55556","targetHints":{"allow":["GET"]}}],"collection":[{"href":"https:\/\/www.hirtenberg-apotheke.at\/katalog\/wp-json\/wp\/v2\/product"}],"about":[{"href":"https:\/\/www.hirtenberg-apotheke.at\/katalog\/wp-json\/wp\/v2\/types\/product"}],"wp:featuredmedia":[{"embeddable":true,"href":"https:\/\/www.hirtenberg-apotheke.at\/katalog\/wp-json\/wp\/v2\/media\/55558"}],"wp:attachment":[{"href":"https:\/\/www.hirtenberg-apotheke.at\/katalog\/wp-json\/wp\/v2\/media?parent=55556"}],"wp:term":[{"taxonomy":"product_brand","embeddable":true,"href":"https:\/\/www.hirtenberg-apotheke.at\/katalog\/wp-json\/wp\/v2\/product_brand?post=55556"},{"taxonomy":"product_cat","embeddable":true,"href":"https:\/\/www.hirtenberg-apotheke.at\/katalog\/wp-json\/wp\/v2\/product_cat?post=55556"},{"taxonomy":"product_tag","embeddable":true,"href":"https:\/\/www.hirtenberg-apotheke.at\/katalog\/wp-json\/wp\/v2\/product_tag?post=55556"}],"curies":[{"name":"wp","href":"https:\/\/api.w.org\/{rel}","templated":true}]}}