{"id":55567,"date":"2025-11-26T16:36:13","date_gmt":"2025-11-26T15:36:13","guid":{"rendered":"https:\/\/www.hirtenberg-apotheke.at\/katalog\/produkt\/npd-oliven-oel-extra-virgine-250-ml-bio\/"},"modified":"2025-11-26T16:36:32","modified_gmt":"2025-11-26T15:36:32","slug":"npd-oliven-oel-extra-virgine-250-ml-bio","status":"publish","type":"product","link":"https:\/\/www.hirtenberg-apotheke.at\/katalog\/produkt\/npd-oliven-oel-extra-virgine-250-ml-bio\/","title":{"rendered":"NPD Oliven \u00d6l Extra Virgine 250 ml BIO"},"content":{"rendered":"<p>NPD ist ein Unternehmen mit einer Vielfalt an Natur\u00f6len, Pulver, Extrakten, Nahrungserg\u00e4nzungsmitteln und Kosmetikartikeln.<\/p>\n","protected":false},"excerpt":{"rendered":"<p>NPD ist ein Unternehmen mit einer Vielfalt an Natur\u00f6len, Pulver, Extrakten, Nahrungserg\u00e4nzungsmitteln und Kosmetikartikeln.<\/p>\n","protected":false},"featured_media":55569,"template":"","meta":{"_acf_changed":false},"product_brand":[],"product_cat":[310],"product_tag":[],"class_list":{"0":"post-55567","1":"product","2":"type-product","3":"status-publish","4":"has-post-thumbnail","6":"product_cat-n","7":"pa_packungsgroesse-250ml","9":"first","10":"instock","11":"shipping-taxable","12":"purchasable","13":"product-type-simple"},"acf":[],"_links":{"self":[{"href":"https:\/\/www.hirtenberg-apotheke.at\/katalog\/wp-json\/wp\/v2\/product\/55567","targetHints":{"allow":["GET"]}}],"collection":[{"href":"https:\/\/www.hirtenberg-apotheke.at\/katalog\/wp-json\/wp\/v2\/product"}],"about":[{"href":"https:\/\/www.hirtenberg-apotheke.at\/katalog\/wp-json\/wp\/v2\/types\/product"}],"wp:featuredmedia":[{"embeddable":true,"href":"https:\/\/www.hirtenberg-apotheke.at\/katalog\/wp-json\/wp\/v2\/media\/55569"}],"wp:attachment":[{"href":"https:\/\/www.hirtenberg-apotheke.at\/katalog\/wp-json\/wp\/v2\/media?parent=55567"}],"wp:term":[{"taxonomy":"product_brand","embeddable":true,"href":"https:\/\/www.hirtenberg-apotheke.at\/katalog\/wp-json\/wp\/v2\/product_brand?post=55567"},{"taxonomy":"product_cat","embeddable":true,"href":"https:\/\/www.hirtenberg-apotheke.at\/katalog\/wp-json\/wp\/v2\/product_cat?post=55567"},{"taxonomy":"product_tag","embeddable":true,"href":"https:\/\/www.hirtenberg-apotheke.at\/katalog\/wp-json\/wp\/v2\/product_tag?post=55567"}],"curies":[{"name":"wp","href":"https:\/\/api.w.org\/{rel}","templated":true}]}}