{"id":55572,"date":"2025-11-26T16:36:13","date_gmt":"2025-11-26T15:36:13","guid":{"rendered":"https:\/\/www.hirtenberg-apotheke.at\/katalog\/produkt\/borotalco-spray-invisible-150-ml\/"},"modified":"2025-11-26T16:36:36","modified_gmt":"2025-11-26T15:36:36","slug":"borotalco-spray-invisible-150-ml","status":"publish","type":"product","link":"https:\/\/www.hirtenberg-apotheke.at\/katalog\/produkt\/borotalco-spray-invisible-150-ml\/","title":{"rendered":"Borotalco Spray Invisible 150 ml"},"content":{"rendered":"<p>Borotalco Spray Invisible wurde speziell entwickelt, um gelbe Flecken auf hellen Stoffen und wei\u00dfe R\u00fcckst\u00e4nde auf dunklen Stoffen zu verringern. Dank seiner Mikrotalk-Formel zur Aufnahme von Schwei\u00df reguliert das Deo das Schwitzen und sorgt t\u00e4glich f\u00fcr trockenere Haut..<\/p>\n","protected":false},"excerpt":{"rendered":"<p>Borotalco Spray Invisible wurde speziell entwickelt, um gelbe Flecken auf hellen Stoffen und wei\u00dfe R\u00fcckst\u00e4nde auf dunklen Stoffen zu verringern. Dank seiner Mikrotalk-Formel zur Aufnahme von Schwei\u00df reguliert das Deo das Schwitzen und sorgt t\u00e4glich f\u00fcr trockenere Haut..<\/p>\n","protected":false},"featured_media":55574,"template":"","meta":{"_acf_changed":false},"product_brand":[],"product_cat":[292],"product_tag":[],"class_list":{"0":"post-55572","1":"product","2":"type-product","3":"status-publish","4":"has-post-thumbnail","6":"product_cat-b","7":"pa_packungsgroesse-150ml","9":"first","10":"instock","11":"shipping-taxable","12":"purchasable","13":"product-type-simple"},"acf":[],"_links":{"self":[{"href":"https:\/\/www.hirtenberg-apotheke.at\/katalog\/wp-json\/wp\/v2\/product\/55572","targetHints":{"allow":["GET"]}}],"collection":[{"href":"https:\/\/www.hirtenberg-apotheke.at\/katalog\/wp-json\/wp\/v2\/product"}],"about":[{"href":"https:\/\/www.hirtenberg-apotheke.at\/katalog\/wp-json\/wp\/v2\/types\/product"}],"wp:featuredmedia":[{"embeddable":true,"href":"https:\/\/www.hirtenberg-apotheke.at\/katalog\/wp-json\/wp\/v2\/media\/55574"}],"wp:attachment":[{"href":"https:\/\/www.hirtenberg-apotheke.at\/katalog\/wp-json\/wp\/v2\/media?parent=55572"}],"wp:term":[{"taxonomy":"product_brand","embeddable":true,"href":"https:\/\/www.hirtenberg-apotheke.at\/katalog\/wp-json\/wp\/v2\/product_brand?post=55572"},{"taxonomy":"product_cat","embeddable":true,"href":"https:\/\/www.hirtenberg-apotheke.at\/katalog\/wp-json\/wp\/v2\/product_cat?post=55572"},{"taxonomy":"product_tag","embeddable":true,"href":"https:\/\/www.hirtenberg-apotheke.at\/katalog\/wp-json\/wp\/v2\/product_tag?post=55572"}],"curies":[{"name":"wp","href":"https:\/\/api.w.org\/{rel}","templated":true}]}}