{"id":55678,"date":"2025-11-26T16:38:31","date_gmt":"2025-11-26T15:38:31","guid":{"rendered":"https:\/\/www.hirtenberg-apotheke.at\/katalog\/produkt\/kozbach-glasfeile-weiss-14-cm-1-stk\/"},"modified":"2025-11-26T16:38:56","modified_gmt":"2025-11-26T15:38:56","slug":"kozbach-glasfeile-weiss-14-cm-1-stk","status":"publish","type":"product","link":"https:\/\/www.hirtenberg-apotheke.at\/katalog\/produkt\/kozbach-glasfeile-weiss-14-cm-1-stk\/","title":{"rendered":"Kozbach Glasfeile Wei\u00df 14 cm 1 Stk."},"content":{"rendered":"<p>Das Unternehmen Kozbach hat es sich als langj\u00e4hriges Traditionsunternehmen zum Ziel gesetzt, Qualit\u00e4t und Innovation als Unternehmensphilosophie zu betrachten. Qualit\u00e4t &#8211; Innovation &#8211; Know-How seit 1976<\/p>\n","protected":false},"excerpt":{"rendered":"<p>Das Unternehmen Kozbach hat es sich als langj\u00e4hriges Traditionsunternehmen zum Ziel gesetzt, Qualit\u00e4t und Innovation als Unternehmensphilosophie zu betrachten. Qualit\u00e4t &#8211; Innovation &#8211; Know-How seit 1976<\/p>\n","protected":false},"featured_media":0,"template":"","meta":{"_acf_changed":false},"product_brand":[786],"product_cat":[387],"product_tag":[],"class_list":{"0":"post-55678","1":"product","2":"type-product","3":"status-publish","5":"product_brand-kozbach","6":"product_cat-k","7":"pa_packungsgroesse-1-stueck","9":"first","10":"instock","11":"shipping-taxable","12":"purchasable","13":"product-type-simple"},"acf":[],"_links":{"self":[{"href":"https:\/\/www.hirtenberg-apotheke.at\/katalog\/wp-json\/wp\/v2\/product\/55678","targetHints":{"allow":["GET"]}}],"collection":[{"href":"https:\/\/www.hirtenberg-apotheke.at\/katalog\/wp-json\/wp\/v2\/product"}],"about":[{"href":"https:\/\/www.hirtenberg-apotheke.at\/katalog\/wp-json\/wp\/v2\/types\/product"}],"wp:attachment":[{"href":"https:\/\/www.hirtenberg-apotheke.at\/katalog\/wp-json\/wp\/v2\/media?parent=55678"}],"wp:term":[{"taxonomy":"product_brand","embeddable":true,"href":"https:\/\/www.hirtenberg-apotheke.at\/katalog\/wp-json\/wp\/v2\/product_brand?post=55678"},{"taxonomy":"product_cat","embeddable":true,"href":"https:\/\/www.hirtenberg-apotheke.at\/katalog\/wp-json\/wp\/v2\/product_cat?post=55678"},{"taxonomy":"product_tag","embeddable":true,"href":"https:\/\/www.hirtenberg-apotheke.at\/katalog\/wp-json\/wp\/v2\/product_tag?post=55678"}],"curies":[{"name":"wp","href":"https:\/\/api.w.org\/{rel}","templated":true}]}}