{"id":55735,"date":"2025-11-26T16:39:45","date_gmt":"2025-11-26T15:39:45","guid":{"rendered":"https:\/\/www.hirtenberg-apotheke.at\/katalog\/produkt\/life-light-koriander-kraeuteressenz-50-ml\/"},"modified":"2025-11-26T16:40:08","modified_gmt":"2025-11-26T15:40:08","slug":"life-light-koriander-kraeuteressenz-50-ml","status":"publish","type":"product","link":"https:\/\/www.hirtenberg-apotheke.at\/katalog\/produkt\/life-light-koriander-kraeuteressenz-50-ml\/","title":{"rendered":"Life Light Koriander Kr\u00e4uteressenz 50 ml"},"content":{"rendered":"<p>Life Light Koriander Kr\u00e4uterdestillat ist ein hochwertiges Kr\u00e4uterdestillat nach Paracelsus aus frischem Koriander. Koriander wirkt appetitanregend, verdauungsf\u00f6rdernd, krampfl\u00f6send und lindernd bei Magen- und Darmleiden.<\/p>\n","protected":false},"excerpt":{"rendered":"<p>Life Light Koriander Kr\u00e4uterdestillat ist ein hochwertiges Kr\u00e4uterdestillat nach Paracelsus aus frischem Koriander. Koriander wirkt appetitanregend, verdauungsf\u00f6rdernd, krampfl\u00f6send und lindernd bei Magen- und Darmleiden.<\/p>\n","protected":false},"featured_media":55737,"template":"","meta":{"_acf_changed":false},"product_brand":[],"product_cat":[317],"product_tag":[],"class_list":{"0":"post-55735","1":"product","2":"type-product","3":"status-publish","4":"has-post-thumbnail","6":"product_cat-l","7":"pa_packungsgroesse-50ml","9":"first","10":"instock","11":"shipping-taxable","12":"purchasable","13":"product-type-simple"},"acf":[],"_links":{"self":[{"href":"https:\/\/www.hirtenberg-apotheke.at\/katalog\/wp-json\/wp\/v2\/product\/55735","targetHints":{"allow":["GET"]}}],"collection":[{"href":"https:\/\/www.hirtenberg-apotheke.at\/katalog\/wp-json\/wp\/v2\/product"}],"about":[{"href":"https:\/\/www.hirtenberg-apotheke.at\/katalog\/wp-json\/wp\/v2\/types\/product"}],"wp:featuredmedia":[{"embeddable":true,"href":"https:\/\/www.hirtenberg-apotheke.at\/katalog\/wp-json\/wp\/v2\/media\/55737"}],"wp:attachment":[{"href":"https:\/\/www.hirtenberg-apotheke.at\/katalog\/wp-json\/wp\/v2\/media?parent=55735"}],"wp:term":[{"taxonomy":"product_brand","embeddable":true,"href":"https:\/\/www.hirtenberg-apotheke.at\/katalog\/wp-json\/wp\/v2\/product_brand?post=55735"},{"taxonomy":"product_cat","embeddable":true,"href":"https:\/\/www.hirtenberg-apotheke.at\/katalog\/wp-json\/wp\/v2\/product_cat?post=55735"},{"taxonomy":"product_tag","embeddable":true,"href":"https:\/\/www.hirtenberg-apotheke.at\/katalog\/wp-json\/wp\/v2\/product_tag?post=55735"}],"curies":[{"name":"wp","href":"https:\/\/api.w.org\/{rel}","templated":true}]}}