{"id":55802,"date":"2025-11-26T16:41:11","date_gmt":"2025-11-26T15:41:11","guid":{"rendered":"https:\/\/www.hirtenberg-apotheke.at\/katalog\/produkt\/zeinpharma-gepuffertes-vitamin-c-500-mg-kapseln-90-stk\/"},"modified":"2025-11-26T16:41:29","modified_gmt":"2025-11-26T15:41:29","slug":"zeinpharma-gepuffertes-vitamin-c-500-mg-kapseln-90-stk","status":"publish","type":"product","link":"https:\/\/www.hirtenberg-apotheke.at\/katalog\/produkt\/zeinpharma-gepuffertes-vitamin-c-500-mg-kapseln-90-stk\/","title":{"rendered":"ZeinPharma Gepuffertes Vitamin C 500 mg Kapseln 90 Stk."},"content":{"rendered":"<p>ZeinPharma Gepuffertes Vitamin C 500 mg Kapseln liefern 500 mg s\u00e4urefreies, neutrales Vitamin C als Calciumascorbat. \u00dcberzeugen Sie sich von den hervorragenden Eigenschaften unseres unter strengsten Qualit\u00e4tsstandards gefertigten Produktes.<\/p>\n","protected":false},"excerpt":{"rendered":"<p>ZeinPharma Gepuffertes Vitamin C 500 mg Kapseln liefern 500 mg s\u00e4urefreies, neutrales Vitamin C als Calciumascorbat. \u00dcberzeugen Sie sich von den hervorragenden Eigenschaften unseres unter strengsten Qualit\u00e4tsstandards gefertigten Produktes.<\/p>\n","protected":false},"featured_media":55804,"template":"","meta":{"_acf_changed":false},"product_brand":[],"product_cat":[325],"product_tag":[],"class_list":{"0":"post-55802","1":"product","2":"type-product","3":"status-publish","4":"has-post-thumbnail","6":"product_cat-z","7":"pa_packungsgroesse-90-stueck","9":"first","10":"instock","11":"shipping-taxable","12":"purchasable","13":"product-type-simple"},"acf":[],"_links":{"self":[{"href":"https:\/\/www.hirtenberg-apotheke.at\/katalog\/wp-json\/wp\/v2\/product\/55802","targetHints":{"allow":["GET"]}}],"collection":[{"href":"https:\/\/www.hirtenberg-apotheke.at\/katalog\/wp-json\/wp\/v2\/product"}],"about":[{"href":"https:\/\/www.hirtenberg-apotheke.at\/katalog\/wp-json\/wp\/v2\/types\/product"}],"wp:featuredmedia":[{"embeddable":true,"href":"https:\/\/www.hirtenberg-apotheke.at\/katalog\/wp-json\/wp\/v2\/media\/55804"}],"wp:attachment":[{"href":"https:\/\/www.hirtenberg-apotheke.at\/katalog\/wp-json\/wp\/v2\/media?parent=55802"}],"wp:term":[{"taxonomy":"product_brand","embeddable":true,"href":"https:\/\/www.hirtenberg-apotheke.at\/katalog\/wp-json\/wp\/v2\/product_brand?post=55802"},{"taxonomy":"product_cat","embeddable":true,"href":"https:\/\/www.hirtenberg-apotheke.at\/katalog\/wp-json\/wp\/v2\/product_cat?post=55802"},{"taxonomy":"product_tag","embeddable":true,"href":"https:\/\/www.hirtenberg-apotheke.at\/katalog\/wp-json\/wp\/v2\/product_tag?post=55802"}],"curies":[{"name":"wp","href":"https:\/\/api.w.org\/{rel}","templated":true}]}}