{"id":55814,"date":"2025-11-26T16:41:11","date_gmt":"2025-11-26T15:41:11","guid":{"rendered":"https:\/\/www.hirtenberg-apotheke.at\/katalog\/produkt\/embamed-schwarzkuemmel-oel-salbe-50-50g\/"},"modified":"2025-11-26T16:41:34","modified_gmt":"2025-11-26T15:41:34","slug":"embamed-schwarzkuemmel-oel-salbe-50-50g","status":"publish","type":"product","link":"https:\/\/www.hirtenberg-apotheke.at\/katalog\/produkt\/embamed-schwarzkuemmel-oel-salbe-50-50g\/","title":{"rendered":"Embamed Schwarzk\u00fcmmel \u00d6l Salbe 50% 50g"},"content":{"rendered":"<p>Embamed Schwarzk\u00fcmmel \u00d6l Salbe 50% enth\u00e4lt Schwarzk\u00fcmmel\u00f6l und zus\u00e4tzlich pflegende und heilende Bestandteile. Diese Schwarzk\u00fcmmel\u00f6lsalbe eignet sich zur Pflege von irritierter Haut und allergischen Hauterscheinungen sowie Neurodermitis.<\/p>\n","protected":false},"excerpt":{"rendered":"<p>Embamed Schwarzk\u00fcmmel \u00d6l Salbe 50% enth\u00e4lt Schwarzk\u00fcmmel\u00f6l und zus\u00e4tzlich pflegende und heilende Bestandteile. Diese Schwarzk\u00fcmmel\u00f6lsalbe eignet sich zur Pflege von irritierter Haut und allergischen Hauterscheinungen sowie Neurodermitis.<\/p>\n","protected":false},"featured_media":55816,"template":"","meta":{"_acf_changed":false},"product_brand":[],"product_cat":[307],"product_tag":[],"class_list":{"0":"post-55814","1":"product","2":"type-product","3":"status-publish","4":"has-post-thumbnail","6":"product_cat-e","7":"pa_packungsgroesse-50g","9":"first","10":"instock","11":"shipping-taxable","12":"purchasable","13":"product-type-simple"},"acf":[],"_links":{"self":[{"href":"https:\/\/www.hirtenberg-apotheke.at\/katalog\/wp-json\/wp\/v2\/product\/55814","targetHints":{"allow":["GET"]}}],"collection":[{"href":"https:\/\/www.hirtenberg-apotheke.at\/katalog\/wp-json\/wp\/v2\/product"}],"about":[{"href":"https:\/\/www.hirtenberg-apotheke.at\/katalog\/wp-json\/wp\/v2\/types\/product"}],"wp:featuredmedia":[{"embeddable":true,"href":"https:\/\/www.hirtenberg-apotheke.at\/katalog\/wp-json\/wp\/v2\/media\/55816"}],"wp:attachment":[{"href":"https:\/\/www.hirtenberg-apotheke.at\/katalog\/wp-json\/wp\/v2\/media?parent=55814"}],"wp:term":[{"taxonomy":"product_brand","embeddable":true,"href":"https:\/\/www.hirtenberg-apotheke.at\/katalog\/wp-json\/wp\/v2\/product_brand?post=55814"},{"taxonomy":"product_cat","embeddable":true,"href":"https:\/\/www.hirtenberg-apotheke.at\/katalog\/wp-json\/wp\/v2\/product_cat?post=55814"},{"taxonomy":"product_tag","embeddable":true,"href":"https:\/\/www.hirtenberg-apotheke.at\/katalog\/wp-json\/wp\/v2\/product_tag?post=55814"}],"curies":[{"name":"wp","href":"https:\/\/api.w.org\/{rel}","templated":true}]}}