{"id":55850,"date":"2025-11-26T16:41:51","date_gmt":"2025-11-26T15:41:51","guid":{"rendered":"https:\/\/www.hirtenberg-apotheke.at\/katalog\/produkt\/pressotherm-sport-tape-blau-1-stk\/"},"modified":"2025-11-26T16:42:16","modified_gmt":"2025-11-26T15:42:16","slug":"pressotherm-sport-tape-blau-1-stk","status":"publish","type":"product","link":"https:\/\/www.hirtenberg-apotheke.at\/katalog\/produkt\/pressotherm-sport-tape-blau-1-stk\/","title":{"rendered":"Pressotherm Sport-Tape Blau 1 Stk."},"content":{"rendered":"<p>Pressotherm steht f\u00fcr Produkte zur K\u00e4lte- und W\u00e4rmetherapie sowie die beliebten ProfiTapes. Diese Tapes, Bandagen und Kompressen sind aufgrund ihrer hohen Qualit\u00e4t erste Wahl im Vergleich zu anderen Produkten.<\/p>\n","protected":false},"excerpt":{"rendered":"<p>Pressotherm steht f\u00fcr Produkte zur K\u00e4lte- und W\u00e4rmetherapie sowie die beliebten ProfiTapes. Diese Tapes, Bandagen und Kompressen sind aufgrund ihrer hohen Qualit\u00e4t erste Wahl im Vergleich zu anderen Produkten.<\/p>\n","protected":false},"featured_media":0,"template":"","meta":{"_acf_changed":false},"product_brand":[],"product_cat":[302],"product_tag":[],"class_list":{"0":"post-55850","1":"product","2":"type-product","3":"status-publish","5":"product_cat-p","6":"pa_packungsgroesse-1-stueck","8":"first","9":"instock","10":"shipping-taxable","11":"purchasable","12":"product-type-simple"},"acf":[],"_links":{"self":[{"href":"https:\/\/www.hirtenberg-apotheke.at\/katalog\/wp-json\/wp\/v2\/product\/55850","targetHints":{"allow":["GET"]}}],"collection":[{"href":"https:\/\/www.hirtenberg-apotheke.at\/katalog\/wp-json\/wp\/v2\/product"}],"about":[{"href":"https:\/\/www.hirtenberg-apotheke.at\/katalog\/wp-json\/wp\/v2\/types\/product"}],"wp:attachment":[{"href":"https:\/\/www.hirtenberg-apotheke.at\/katalog\/wp-json\/wp\/v2\/media?parent=55850"}],"wp:term":[{"taxonomy":"product_brand","embeddable":true,"href":"https:\/\/www.hirtenberg-apotheke.at\/katalog\/wp-json\/wp\/v2\/product_brand?post=55850"},{"taxonomy":"product_cat","embeddable":true,"href":"https:\/\/www.hirtenberg-apotheke.at\/katalog\/wp-json\/wp\/v2\/product_cat?post=55850"},{"taxonomy":"product_tag","embeddable":true,"href":"https:\/\/www.hirtenberg-apotheke.at\/katalog\/wp-json\/wp\/v2\/product_tag?post=55850"}],"curies":[{"name":"wp","href":"https:\/\/api.w.org\/{rel}","templated":true}]}}