{"id":56021,"date":"2025-11-26T16:45:31","date_gmt":"2025-11-26T15:45:31","guid":{"rendered":"https:\/\/www.hirtenberg-apotheke.at\/katalog\/produkt\/gall-pharma-omega-3-kapseln-1000mg-120-stk\/"},"modified":"2025-11-26T16:45:52","modified_gmt":"2025-11-26T15:45:52","slug":"gall-pharma-omega-3-kapseln-1000mg-120-stk","status":"publish","type":"product","link":"https:\/\/www.hirtenberg-apotheke.at\/katalog\/produkt\/gall-pharma-omega-3-kapseln-1000mg-120-stk\/","title":{"rendered":"Gall Pharma Omega 3 Kapseln 1000mg 120 Stk."},"content":{"rendered":"<p>Omega 3 1000 mg 400\/200 GPH Kapseln enthalten 1000 mg Fisch\u00f6lkonzentrat. Besonders fette Fische wie Makrelen, Heringe, Wildlachs und Thunfisch sind reich an Omega-3-Fetts\u00e4uren. Die beiden wichtigsten Omega-3-Fetts\u00e4uren sind Eicosapentaens\u00e4ure (EPA) und Docosahexaens\u00e4ure (DHA). DHA tr\u00e4gt zur Erhaltung einer normalen Gehirnfunktion und Sehkraft bei. Zus\u00e4tzlich tragen sowohl DHA als auch EPA zu einer normalen Herzfunktion bei. Dieses Produkt erhalten Sie in den Packungsgr\u00f6\u00dfen 120 und 180 St\u00fcck.<\/p>\n","protected":false},"excerpt":{"rendered":"<p>Omega 3 1000 mg 400\/200 GPH Kapseln enthalten 1000 mg Fisch\u00f6lkonzentrat. Besonders fette Fische wie Makrelen, Heringe, Wildlachs und Thunfisch sind reich an Omega-3-Fetts\u00e4uren. Die beiden wichtigsten Omega-3-Fetts\u00e4uren sind Eicosapentaens\u00e4ure (EPA) und Docosahexaens\u00e4ure (DHA). DHA tr\u00e4gt zur Erhaltung einer normalen Gehirnfunktion und Sehkraft bei. Zus\u00e4tzlich tragen sowohl DHA als auch EPA zu einer normalen Herzfunktion [&hellip;]<\/p>\n","protected":false},"featured_media":56023,"template":"","meta":{"_acf_changed":false},"product_brand":[316],"product_cat":[328],"product_tag":[],"class_list":{"0":"post-56021","1":"product","2":"type-product","3":"status-publish","4":"has-post-thumbnail","6":"product_brand-gall-pharma","7":"product_cat-g","8":"pa_packungsgroesse-120-stueck","10":"first","11":"instock","12":"shipping-taxable","13":"purchasable","14":"product-type-simple"},"acf":[],"_links":{"self":[{"href":"https:\/\/www.hirtenberg-apotheke.at\/katalog\/wp-json\/wp\/v2\/product\/56021","targetHints":{"allow":["GET"]}}],"collection":[{"href":"https:\/\/www.hirtenberg-apotheke.at\/katalog\/wp-json\/wp\/v2\/product"}],"about":[{"href":"https:\/\/www.hirtenberg-apotheke.at\/katalog\/wp-json\/wp\/v2\/types\/product"}],"wp:featuredmedia":[{"embeddable":true,"href":"https:\/\/www.hirtenberg-apotheke.at\/katalog\/wp-json\/wp\/v2\/media\/56023"}],"wp:attachment":[{"href":"https:\/\/www.hirtenberg-apotheke.at\/katalog\/wp-json\/wp\/v2\/media?parent=56021"}],"wp:term":[{"taxonomy":"product_brand","embeddable":true,"href":"https:\/\/www.hirtenberg-apotheke.at\/katalog\/wp-json\/wp\/v2\/product_brand?post=56021"},{"taxonomy":"product_cat","embeddable":true,"href":"https:\/\/www.hirtenberg-apotheke.at\/katalog\/wp-json\/wp\/v2\/product_cat?post=56021"},{"taxonomy":"product_tag","embeddable":true,"href":"https:\/\/www.hirtenberg-apotheke.at\/katalog\/wp-json\/wp\/v2\/product_tag?post=56021"}],"curies":[{"name":"wp","href":"https:\/\/api.w.org\/{rel}","templated":true}]}}