{"id":56050,"date":"2025-11-26T16:46:18","date_gmt":"2025-11-26T15:46:18","guid":{"rendered":"https:\/\/www.hirtenberg-apotheke.at\/katalog\/produkt\/gerstengrastrockenextrakt-pulver-100-g\/"},"modified":"2025-11-26T16:46:37","modified_gmt":"2025-11-26T15:46:37","slug":"gerstengrastrockenextrakt-pulver-100-g","status":"publish","type":"product","link":"https:\/\/www.hirtenberg-apotheke.at\/katalog\/produkt\/gerstengrastrockenextrakt-pulver-100-g\/","title":{"rendered":"Gerstengrastrockenextrakt Pulver 100 g"},"content":{"rendered":"<p>Die Gerste (Hordeum) ist eine Getreidegrasart aus der Familie der S\u00fc\u00dfgr\u00e4ser (Poaceae). Sie geh\u00f6rt zu den \u00e4ltesten Kulturpflanzen des Menschen und wurde ab dem f\u00fcnften Jahrtausend v. Chr. angebaut. Junges Gerstengras liefert Chlorophyll und Antioxidantien und ist reich an Proteinen, Vitaminen und Mineralstoffen. Besonderes Interesse gilt dem Chlorophyll, das in seiner Struktur dem H\u00e4moglobin, dem roten Blutfarbstoff, \u00e4hnlich ist. Es kann sehr gut und schnell vom K\u00f6rper aufgenommen und durch wenige Ver\u00e4nderungen in H\u00e4moglobin umgewandelt werden. Die Aufnahme von Chlorophyll kann auf diese Weise die Bildung von H\u00e4moglobin beschleunigen. Zudem hat sich Chlorophyll auch als antientz\u00fcndlich, antibiotisch, desodorierend und antioxidativ erwiesen. Die antioxidative Wirkung wird noch durch eine Reihe von Enzymen unterst\u00fctzt, die ebenfalls im Gerstengras enthalten sind. Besonders bei bestimmten Hautproblemen, wie zum Beispiel Neurodermitis, kann Gerstengras zu einer Besserung der Symptome f\u00fchren. Untersuchungen belegen auch den g\u00fcnstigen Einfluss von Getreidegr\u00e4sern bei Magen-Darm-Beschwerden, Entz\u00fcndungsprozessen in diesem Bereich kann durch die Einnahme von Getreidegras entgegengewirkt werden.<\/p>\n","protected":false},"excerpt":{"rendered":"<p>Die Gerste (Hordeum) ist eine Getreidegrasart aus der Familie der S\u00fc\u00dfgr\u00e4ser (Poaceae). Sie geh\u00f6rt zu den \u00e4ltesten Kulturpflanzen des Menschen und wurde ab dem f\u00fcnften Jahrtausend v. Chr. angebaut. Junges Gerstengras liefert Chlorophyll und Antioxidantien und ist reich an Proteinen, Vitaminen und Mineralstoffen. Besonderes Interesse gilt dem Chlorophyll, das in seiner Struktur dem H\u00e4moglobin, dem [&hellip;]<\/p>\n","protected":false},"featured_media":56052,"template":"","meta":{"_acf_changed":false},"product_brand":[316],"product_cat":[328],"product_tag":[],"class_list":{"0":"post-56050","1":"product","2":"type-product","3":"status-publish","4":"has-post-thumbnail","6":"product_brand-gall-pharma","7":"product_cat-g","8":"pa_packungsgroesse-100g","10":"first","11":"instock","12":"shipping-taxable","13":"purchasable","14":"product-type-simple"},"acf":[],"_links":{"self":[{"href":"https:\/\/www.hirtenberg-apotheke.at\/katalog\/wp-json\/wp\/v2\/product\/56050","targetHints":{"allow":["GET"]}}],"collection":[{"href":"https:\/\/www.hirtenberg-apotheke.at\/katalog\/wp-json\/wp\/v2\/product"}],"about":[{"href":"https:\/\/www.hirtenberg-apotheke.at\/katalog\/wp-json\/wp\/v2\/types\/product"}],"wp:featuredmedia":[{"embeddable":true,"href":"https:\/\/www.hirtenberg-apotheke.at\/katalog\/wp-json\/wp\/v2\/media\/56052"}],"wp:attachment":[{"href":"https:\/\/www.hirtenberg-apotheke.at\/katalog\/wp-json\/wp\/v2\/media?parent=56050"}],"wp:term":[{"taxonomy":"product_brand","embeddable":true,"href":"https:\/\/www.hirtenberg-apotheke.at\/katalog\/wp-json\/wp\/v2\/product_brand?post=56050"},{"taxonomy":"product_cat","embeddable":true,"href":"https:\/\/www.hirtenberg-apotheke.at\/katalog\/wp-json\/wp\/v2\/product_cat?post=56050"},{"taxonomy":"product_tag","embeddable":true,"href":"https:\/\/www.hirtenberg-apotheke.at\/katalog\/wp-json\/wp\/v2\/product_tag?post=56050"}],"curies":[{"name":"wp","href":"https:\/\/api.w.org\/{rel}","templated":true}]}}